{"id":456,"date":"2023-07-06T17:27:06","date_gmt":"2023-07-06T15:27:06","guid":{"rendered":"https:\/\/targod.nl\/expedition\/"},"modified":"2023-07-18T10:38:36","modified_gmt":"2023-07-18T08:38:36","slug":"expedition","status":"publish","type":"page","link":"https:\/\/targod.nl\/fr\/expedition\/","title":{"rendered":"Exp\u00e9dition"},"content":{"rendered":"\n<h2 class=\"wp-block-heading\">ENVOYER<\/h2>\n\n<p>Si les articles sont en stock, la commande sera exp\u00e9di\u00e9e dans un d\u00e9lai de 1 \u00e0 3 jours ouvrables (sauf indication contraire sur le site web) \u00e0 l&rsquo;adresse fournie.<\/p>\n\n<p>Targod travaille avec un certain nombre de soci\u00e9t\u00e9s de transport pour exp\u00e9dier des colis et des palettes. Les colis sont livr\u00e9s par DPD. Lorsqu&rsquo;une commande quitte l&rsquo;entrep\u00f4t, vous recevrez un courriel indiquant le d\u00e9lai de livraison pr\u00e9vu.<\/p>\n\n<p>Les colis et les palettes sont livr\u00e9s uniquement au niveau du sol, jusqu&rsquo;\u00e0 la premi\u00e8re porte verrouillable.<br\/>Si vous n&rsquo;\u00eates pas chez vous, vous recevrez une carte du transporteur dans votre bo\u00eete aux lettres indiquant l&rsquo;\u00e9tat actuel de votre commande.<\/p>\n\n<p>Avez-vous re\u00e7u votre commande avec des dommages visibles sur l&#8217;emballage ?<br\/>Ne pas signer l&rsquo;accus\u00e9 de r\u00e9ception. Contactez notre service client\u00e8le pour signaler le dommage. Examinez les dommages avec le transporteur, prenez des photos des dommages et demandez au transporteur d&rsquo;en prendre note.<\/p>\n\n<p>Lorsque vous signez le r\u00e9c\u00e9piss\u00e9, vous acceptez les produits livr\u00e9s et vous avez sign\u00e9 la r\u00e9ception correcte de l&rsquo;envoi.<\/p>\n","protected":false},"excerpt":{"rendered":"<p>ENVOYER Si les articles sont en stock, la commande sera exp\u00e9di\u00e9e dans un d\u00e9lai de 1 \u00e0 3 jours ouvrables (sauf indication contraire sur le site web) \u00e0 l&rsquo;adresse fournie. Targod travaille avec un certain nombre de soci\u00e9t\u00e9s de transport pour exp\u00e9dier des colis et des palettes. Les colis sont livr\u00e9s par DPD. Lorsqu&rsquo;une commande [&#8230;]\n","protected":false},"author":1,"featured_media":0,"parent":0,"menu_order":0,"comment_status":"closed","ping_status":"closed","template":"","meta":{"footnotes":""},"class_list":["post-456","page","type-page","status-publish","hentry"],"_links":{"self":[{"href":"https:\/\/targod.nl\/fr\/wp-json\/wp\/v2\/pages\/456","targetHints":{"allow":["GET"]}}],"collection":[{"href":"https:\/\/targod.nl\/fr\/wp-json\/wp\/v2\/pages"}],"about":[{"href":"https:\/\/targod.nl\/fr\/wp-json\/wp\/v2\/types\/page"}],"author":[{"embeddable":true,"href":"https:\/\/targod.nl\/fr\/wp-json\/wp\/v2\/users\/1"}],"replies":[{"embeddable":true,"href":"https:\/\/targod.nl\/fr\/wp-json\/wp\/v2\/comments?post=456"}],"version-history":[{"count":1,"href":"https:\/\/targod.nl\/fr\/wp-json\/wp\/v2\/pages\/456\/revisions"}],"predecessor-version":[{"id":458,"href":"https:\/\/targod.nl\/fr\/wp-json\/wp\/v2\/pages\/456\/revisions\/458"}],"wp:attachment":[{"href":"https:\/\/targod.nl\/fr\/wp-json\/wp\/v2\/media?parent=456"}],"curies":[{"name":"wp","href":"https:\/\/api.w.org\/{rel}","templated":true}]}}