{"id":450,"date":"2023-07-06T15:46:40","date_gmt":"2023-07-06T13:46:40","guid":{"rendered":"https:\/\/targod.nl\/politique-de-confidentialite\/"},"modified":"2023-07-18T10:38:34","modified_gmt":"2023-07-18T08:38:34","slug":"politique-de-confidentialite","status":"publish","type":"page","link":"https:\/\/targod.nl\/fr\/politique-de-confidentialite\/","title":{"rendered":"Politique de confidentialit\u00e9"},"content":{"rendered":"\n<h2 class=\"wp-block-heading\">POLITIQUE DE CONFIDENTIALIT\u00c9<\/h2>\n\n<h4 class=\"wp-block-heading\"><strong>Divulgation anonyme<\/strong><\/h4>\n\n<p>Vous pouvez visiter notre site web sans divulguer de donn\u00e9es personnelles. Nous ne conservons aucune donn\u00e9e personnelle. Pour am\u00e9liorer notre offre, nous n&rsquo;\u00e9valuons que des donn\u00e9es statistiques qui ne permettent pas de tirer des conclusions sur votre personne.<\/p>\n\n<h4 class=\"wp-block-heading\"><strong>Information, traitement et utilisation des donn\u00e9es personnelles<\/strong><\/h4>\n\n<p>Nous ne conservons les donn\u00e9es personnelles que si vous nous les avez personnellement fournies. Le traitement et l&rsquo;utilisation de vos donn\u00e9es personnelles servent \u00e0 l&rsquo;ex\u00e9cution et au r\u00e8glement des services convenus contractuellement ainsi qu&rsquo;au traitement de votre commande.<\/p>\n\n<h4 class=\"wp-block-heading\"><strong>Utilisation de l&rsquo;adresse \u00e9lectronique pour l&rsquo;envoi de bulletins d&rsquo;information<\/strong><\/h4>\n\n<p>Nous utilisons votre adresse \u00e9lectronique ind\u00e9pendamment du r\u00e8glement du contrat, uniquement \u00e0 des fins publicitaires et pour l&rsquo;envoi de la lettre d&rsquo;information, si vous avez donn\u00e9 votre consentement explicite. L&rsquo;autorisation \u00e0 d\u00e9livrer \u00e0 cet \u00e9gard est la suivante :<br\/>Apr\u00e8s avoir enregistr\u00e9 votre adresse \u00e9lectronique, vous recevrez un courriel de notre part contenant un lien sur lequel vous devrez cliquer. Vous pouvez vous d\u00e9sabonner de la newsletter \u00e0 tout moment en cliquant sur le lien figurant dans la newsletter ou en nous envoyant un e-mail.<\/p>\n\n<h4 class=\"wp-block-heading\"><strong>Banni\u00e8res et annonces publicitaires personnalis\u00e9es<\/strong><\/h4>\n\n<p>Gr\u00e2ce \u00e0 la technologie de Google Inc. des donn\u00e9es sur le comportement de navigation des visiteurs \u00e0 des fins de marketing sont collect\u00e9es et stock\u00e9es de mani\u00e8re anonyme sur ce site web. Ces donn\u00e9es sont stock\u00e9es sur votre ordinateur \u00e0 l&rsquo;aide d&rsquo;un \u00ab\u00a0cookie\u00a0\u00bb. Google Inc. analyse le comportement de navigation \u00e0 l&rsquo;aide d&rsquo;un algorithme et peut ensuite afficher une banni\u00e8re publicitaire personnalis\u00e9e ou une annonce pour d&rsquo;autres sites web de mani\u00e8re cibl\u00e9e. Ces donn\u00e9es ne peuvent en aucun cas \u00eatre utilis\u00e9es pour identifier personnellement les visiteurs de ce site web. Les donn\u00e9es collect\u00e9es sont utilis\u00e9es exclusivement pour am\u00e9liorer l&rsquo;offre.<\/p>\n\n<h4 class=\"wp-block-heading\"><strong>Transfert de donn\u00e9es \u00e0 caract\u00e8re personnel<\/strong><\/h4>\n\n<p>Vos donn\u00e9es personnelles ne seront pas diffus\u00e9es sans votre consentement explicite. Sont exclus les partenaires que nous engageons pour traiter votre commande. Dans ces cas, nous respectons strictement les r\u00e8gles du r\u00e8glement g\u00e9n\u00e9ral sur la protection des donn\u00e9es (RGPD). L&rsquo;\u00e9tendue du transfert de donn\u00e9es est limit\u00e9e au minimum.<\/p>\n\n<h4 class=\"wp-block-heading\"><strong>Cookies<\/strong><\/h4>\n\n<p>Notre site web utilise des \u00ab\u00a0cookies\u00a0\u00bb \u00e0 plusieurs endroits. Les cookies sont de petits fichiers texte cr\u00e9\u00e9s sur votre ordinateur et stock\u00e9s par votre navigateur. Nous utilisons ces cookies pour rendre notre offre plus conviviale, plus efficace et plus s\u00fbre. Les cookies permettent \u00e0 notre syst\u00e8me de reconna\u00eetre votre navigateur, ce qui nous permet de vous offrir un service particulier. Les cookies ne stockent pas de donn\u00e9es personnelles.<\/p>\n\n<h4 class=\"wp-block-heading\"><strong>S\u00e9curit\u00e9 des donn\u00e9es<\/strong><\/h4>\n\n<p>Targod utilise des mesures de s\u00e9curit\u00e9 techniques et organisationnelles pour prot\u00e9ger vos donn\u00e9es g\u00e9r\u00e9es par nous contre toute manipulation accidentelle ou intentionnelle, perte, destruction ou acc\u00e8s par des personnes non autoris\u00e9es. Nos mesures de s\u00e9curit\u00e9 sont constamment am\u00e9lior\u00e9es en fonction des d\u00e9veloppements technologiques.<\/p>\n\n<h4 class=\"wp-block-heading\"><strong>Droit d&rsquo;information et droit de r\u00e9tractation<\/strong><\/h4>\n\n<p>Sur demande, Targod vous indiquera si des donn\u00e9es personnelles vous concernant sont stock\u00e9es chez nous et lesquelles. Vous pouvez \u00e0 tout moment retirer votre consentement \u00e0 la conservation et \u00e0 l&rsquo;utilisation de vos donn\u00e9es personnelles et\/ou de votre profil d&rsquo;utilisateur par courrier \u00e9lectronique.<\/p>\n\n<p>Si vous avez des questions concernant le traitement de vos donn\u00e9es personnelles, veuillez contacter <a href=\"mailto:info@targod.nl\" data-type=\"mailto\" data-id=\"mailto:info@targod.nl\">info@targod.nl<\/a>.<\/p>\n","protected":false},"excerpt":{"rendered":"<p>POLITIQUE DE CONFIDENTIALIT\u00c9 Divulgation anonyme Vous pouvez visiter notre site web sans divulguer de donn\u00e9es personnelles. Nous ne conservons aucune donn\u00e9e personnelle. Pour am\u00e9liorer notre offre, nous n&rsquo;\u00e9valuons que des donn\u00e9es statistiques qui ne permettent pas de tirer des conclusions sur votre personne. Information, traitement et utilisation des donn\u00e9es personnelles Nous ne conservons les donn\u00e9es [&#8230;]\n","protected":false},"author":1,"featured_media":0,"parent":0,"menu_order":0,"comment_status":"closed","ping_status":"closed","template":"","meta":{"footnotes":""},"class_list":["post-450","page","type-page","status-publish","hentry"],"_links":{"self":[{"href":"https:\/\/targod.nl\/fr\/wp-json\/wp\/v2\/pages\/450","targetHints":{"allow":["GET"]}}],"collection":[{"href":"https:\/\/targod.nl\/fr\/wp-json\/wp\/v2\/pages"}],"about":[{"href":"https:\/\/targod.nl\/fr\/wp-json\/wp\/v2\/types\/page"}],"author":[{"embeddable":true,"href":"https:\/\/targod.nl\/fr\/wp-json\/wp\/v2\/users\/1"}],"replies":[{"embeddable":true,"href":"https:\/\/targod.nl\/fr\/wp-json\/wp\/v2\/comments?post=450"}],"version-history":[{"count":1,"href":"https:\/\/targod.nl\/fr\/wp-json\/wp\/v2\/pages\/450\/revisions"}],"predecessor-version":[{"id":452,"href":"https:\/\/targod.nl\/fr\/wp-json\/wp\/v2\/pages\/450\/revisions\/452"}],"wp:attachment":[{"href":"https:\/\/targod.nl\/fr\/wp-json\/wp\/v2\/media?parent=450"}],"curies":[{"name":"wp","href":"https:\/\/api.w.org\/{rel}","templated":true}]}}