{"id":433,"date":"2023-07-18T10:23:58","date_gmt":"2023-07-18T08:23:58","guid":{"rendered":"https:\/\/targod.nl\/retours-et-echanges\/"},"modified":"2023-07-18T13:36:23","modified_gmt":"2023-07-18T11:36:23","slug":"retours-et-echanges","status":"publish","type":"page","link":"https:\/\/targod.nl\/fr\/retours-et-echanges\/","title":{"rendered":"Retours et \u00e9changes"},"content":{"rendered":"\nRetours et \u00e9changes\n\n<p>Nous esp\u00e9rons que vous serez satisfaits de nos produits. Si ce n&rsquo;est pas le cas ou si vous avez command\u00e9 le mauvais produit, vous pouvez le retourner ou l&rsquo;\u00e9changer contre un autre produit. Suivez les \u00e9tapes ci-dessous pour retourner votre commande le plus facilement possible.<\/p>\n\n<h3 class=\"wp-block-heading\"><strong>Droit de r\u00e9tractation de 14 jours<\/strong><\/h3>\n\n<p>Si vous n&rsquo;\u00eates pas satisfait du produit achet\u00e9, vous pouvez nous le retourner dans un d\u00e9lai de 14 jours.  <br\/>Avant de retourner le produit, veuillez lire nos <a href=\"https:\/\/targod.nl\/fr\/conditions-generales-dutilisation\/\">conditions<\/a> g\u00e9n\u00e9rales.<\/p>\n\n<h3 class=\"wp-block-heading\"><strong>Plan \u00e9tape par \u00e9tape pour le retour ou l&rsquo;\u00e9change d&rsquo;un article<\/strong><\/h3>\n\n<p>Si vous souhaitez retourner ou \u00e9changer un article, veuillez suivre les \u00e9tapes ci-dessous :  <\/p>\n\n<ol class=\"wp-block-list\">\n<li>Remplir le <a href=\"https:\/\/targod.nl\/wp-content\/uploads\/media\/Retourformulier_Targod.pdf\">formulaire de retour<\/a> <\/li>\n\n\n\n<li>Veuillez renvoyer les produits accompagn\u00e9s du formulaire d\u00fbment rempli \u00e0 notre entrep\u00f4t.<br\/><br\/>Targod <br\/>pour revenir<br\/>Parlevinkerweg 44<br\/>5928 NV Venlo  <br\/>Pays-Bas<\/li>\n<\/ol>\n\n<p>Note : Les \u00e9changes se font \u00e0 vos risques et p\u00e9rils. Emballez bien les produits et conservez soigneusement le r\u00e9c\u00e9piss\u00e9 d&rsquo;exp\u00e9dition. Vous pouvez renvoyer l&rsquo;article vous-m\u00eame \u00e0 Venlo (NL).<\/p>\n\n<h3 class=\"wp-block-heading\"><strong>Traitement et co\u00fbts<\/strong><\/h3>\n\n<p>D\u00e8s r\u00e9ception du retour, celui-ci sera trait\u00e9 dans les jours qui suivent, nous vous informerons du statut des produits retourn\u00e9s par e-mail. Lorsque les produits sont re\u00e7us tels que d\u00e9crits ci-dessus, le montant de l&rsquo;achat, y compris les frais d&rsquo;exp\u00e9dition d\u00e9j\u00e0 pay\u00e9s, sera rembours\u00e9 dans un d\u00e9lai de quelques jours. Les frais de retour sont \u00e0 votre charge et ne seront pas rembours\u00e9s par Targod.  <\/p>\n","protected":false},"excerpt":{"rendered":"<p>Retours et \u00e9changes Nous esp\u00e9rons que vous serez satisfaits de nos produits. Si ce n&rsquo;est pas le cas ou si vous avez command\u00e9 le mauvais produit, vous pouvez le retourner ou l&rsquo;\u00e9changer contre un autre produit. Suivez les \u00e9tapes ci-dessous pour retourner votre commande le plus facilement possible. Droit de r\u00e9tractation de 14 jours Si [&#8230;]\n","protected":false},"author":1,"featured_media":0,"parent":0,"menu_order":0,"comment_status":"closed","ping_status":"closed","template":"","meta":{"footnotes":""},"class_list":["post-433","page","type-page","status-publish","hentry"],"_links":{"self":[{"href":"https:\/\/targod.nl\/fr\/wp-json\/wp\/v2\/pages\/433","targetHints":{"allow":["GET"]}}],"collection":[{"href":"https:\/\/targod.nl\/fr\/wp-json\/wp\/v2\/pages"}],"about":[{"href":"https:\/\/targod.nl\/fr\/wp-json\/wp\/v2\/types\/page"}],"author":[{"embeddable":true,"href":"https:\/\/targod.nl\/fr\/wp-json\/wp\/v2\/users\/1"}],"replies":[{"embeddable":true,"href":"https:\/\/targod.nl\/fr\/wp-json\/wp\/v2\/comments?post=433"}],"version-history":[{"count":2,"href":"https:\/\/targod.nl\/fr\/wp-json\/wp\/v2\/pages\/433\/revisions"}],"predecessor-version":[{"id":491,"href":"https:\/\/targod.nl\/fr\/wp-json\/wp\/v2\/pages\/433\/revisions\/491"}],"wp:attachment":[{"href":"https:\/\/targod.nl\/fr\/wp-json\/wp\/v2\/media?parent=433"}],"curies":[{"name":"wp","href":"https:\/\/api.w.org\/{rel}","templated":true}]}}