{"id":425,"date":"2023-07-06T16:33:48","date_gmt":"2023-07-06T14:33:48","guid":{"rendered":"https:\/\/targod.nl\/commande\/"},"modified":"2023-07-18T10:43:37","modified_gmt":"2023-07-18T08:43:37","slug":"commande","status":"publish","type":"page","link":"https:\/\/targod.nl\/fr\/commande\/","title":{"rendered":"Commande"},"content":{"rendered":"\n<h2 class=\"wp-block-heading\">COMMANDE<\/h2>\n\n<p>La commande aupr\u00e8s de Targod peut \u00eatre effectu\u00e9e par le biais de la boutique en ligne. En quelques \u00e9tapes, la commande est pass\u00e9e et vous recevrez une confirmation dans votre bo\u00eete aux lettres.<\/p>\n\n<h4 class=\"wp-block-heading\"><strong>Commander \u00e9tape par \u00e9tape<\/strong><\/h4>\n\n<ol class=\"wp-block-list\">\n<li>Cliquez sur l&rsquo;article souhait\u00e9.<\/li>\n\n\n\n<li>Vous souhaitez en commander plusieurs ? Ajuster le nombre.<\/li>\n\n\n\n<li>Placez l&rsquo;article dans votre panier en cliquant sur \u00ab\u00a0ajouter au panier\u00a0\u00bb.<\/li>\n\n\n\n<li>L&rsquo;article a \u00e9t\u00e9 plac\u00e9 dans le panier. Vous voulez passer \u00e0 la caisse ? Cliquez ensuite sur \u00ab\u00a0Panier\u00a0\u00bb et \u00ab\u00a0Commander\u00a0\u00bb. Envie d&rsquo;aller plus loin ? S\u00e9lectionnez un nouveau produit.<\/li>\n<\/ol>\n\n<h4 class=\"wp-block-heading\"><strong>Checkout<\/strong><\/h4>\n\n<ol class=\"wp-block-list\">\n<li>Cliquez sur \u00ab\u00a0checkout\u00a0\u00bb pour entrer les d\u00e9tails de l&rsquo;exp\u00e9dition.<\/li>\n\n\n\n<li>Compl\u00e9tez les informations demand\u00e9es.<\/li>\n\n\n\n<li>Adresse de livraison diff\u00e9rente ? Cochez et compl\u00e9tez \u00ab\u00a0Envoyer \u00e0 une autre adresse\u00a0\u00bb.<\/li>\n\n\n\n<li>Choisissez le mode de paiement souhait\u00e9.<\/li>\n\n\n\n<li>Passer la commande en cliquant sur le bouton \u00ab\u00a0Passer la commande et payer\u00a0\u00bb.<\/li>\n\n\n\n<li>Vous recevrez une confirmation de commande dans votre bo\u00eete aux lettres.<\/li>\n<\/ol>\n\n<p>Si vous n&rsquo;avez pas re\u00e7u de courrier dans l&rsquo;heure qui suit, veuillez v\u00e9rifier le dossier \u00ab\u00a0spam\u00a0\u00bb de votre programme de messagerie.<\/p>\n","protected":false},"excerpt":{"rendered":"<p>COMMANDE La commande aupr\u00e8s de Targod peut \u00eatre effectu\u00e9e par le biais de la boutique en ligne. En quelques \u00e9tapes, la commande est pass\u00e9e et vous recevrez une confirmation dans votre bo\u00eete aux lettres. Commander \u00e9tape par \u00e9tape Checkout Si vous n&rsquo;avez pas re\u00e7u de courrier dans l&rsquo;heure qui suit, veuillez v\u00e9rifier le dossier \u00ab\u00a0spam\u00a0\u00bb [&#8230;]\n","protected":false},"author":1,"featured_media":0,"parent":0,"menu_order":0,"comment_status":"closed","ping_status":"closed","template":"","meta":{"footnotes":""},"class_list":["post-425","page","type-page","status-publish","hentry"],"_links":{"self":[{"href":"https:\/\/targod.nl\/fr\/wp-json\/wp\/v2\/pages\/425","targetHints":{"allow":["GET"]}}],"collection":[{"href":"https:\/\/targod.nl\/fr\/wp-json\/wp\/v2\/pages"}],"about":[{"href":"https:\/\/targod.nl\/fr\/wp-json\/wp\/v2\/types\/page"}],"author":[{"embeddable":true,"href":"https:\/\/targod.nl\/fr\/wp-json\/wp\/v2\/users\/1"}],"replies":[{"embeddable":true,"href":"https:\/\/targod.nl\/fr\/wp-json\/wp\/v2\/comments?post=425"}],"version-history":[{"count":3,"href":"https:\/\/targod.nl\/fr\/wp-json\/wp\/v2\/pages\/425\/revisions"}],"predecessor-version":[{"id":461,"href":"https:\/\/targod.nl\/fr\/wp-json\/wp\/v2\/pages\/425\/revisions\/461"}],"wp:attachment":[{"href":"https:\/\/targod.nl\/fr\/wp-json\/wp\/v2\/media?parent=425"}],"curies":[{"name":"wp","href":"https:\/\/api.w.org\/{rel}","templated":true}]}}