{"id":420,"date":"2023-07-18T10:14:09","date_gmt":"2023-07-18T08:14:09","guid":{"rendered":"https:\/\/targod.nl\/conditions-generales-dutilisation\/"},"modified":"2023-07-18T10:32:59","modified_gmt":"2023-07-18T08:32:59","slug":"conditions-generales-dutilisation","status":"publish","type":"page","link":"https:\/\/targod.nl\/fr\/conditions-generales-dutilisation\/","title":{"rendered":"Conditions g\u00e9n\u00e9rales d&rsquo;utilisation"},"content":{"rendered":"\nConditions g\u00e9n\u00e9rales d&rsquo;utilisation\n\n<ul class=\"wp-block-list\">\n<li><a href=\"https:\/\/targod.nl\/wp-content\/uploads\/media\/Algemene%20voorwaarden%20Targod.pdf\">Conditions g\u00e9n\u00e9rales d&rsquo;utilisation N\u00e9erlandais<\/a><\/li>\n\n\n\n<li><a href=\"https:\/\/targod.nl\/wp-content\/uploads\/media\/Terms%20and%20Conditions%20Targod.pdf\">Conditions g\u00e9n\u00e9rales d&rsquo;utilisation Anglais<\/a><\/li>\n\n\n\n<li><a href=\"https:\/\/targod.nl\/wp-content\/uploads\/media\/Allgemeine%20Gesch%C3%A4ftsbedingungen%20Targod.pdf\">Conditions g\u00e9n\u00e9rales d&#8217;emploi Deutsch<\/a><\/li>\n<\/ul>\n","protected":false},"excerpt":{"rendered":"<p>Conditions g\u00e9n\u00e9rales d&rsquo;utilisation<\/p>\n","protected":false},"author":1,"featured_media":0,"parent":0,"menu_order":0,"comment_status":"closed","ping_status":"closed","template":"","meta":{"footnotes":""},"class_list":["post-420","page","type-page","status-publish","hentry"],"_links":{"self":[{"href":"https:\/\/targod.nl\/fr\/wp-json\/wp\/v2\/pages\/420","targetHints":{"allow":["GET"]}}],"collection":[{"href":"https:\/\/targod.nl\/fr\/wp-json\/wp\/v2\/pages"}],"about":[{"href":"https:\/\/targod.nl\/fr\/wp-json\/wp\/v2\/types\/page"}],"author":[{"embeddable":true,"href":"https:\/\/targod.nl\/fr\/wp-json\/wp\/v2\/users\/1"}],"replies":[{"embeddable":true,"href":"https:\/\/targod.nl\/fr\/wp-json\/wp\/v2\/comments?post=420"}],"version-history":[{"count":1,"href":"https:\/\/targod.nl\/fr\/wp-json\/wp\/v2\/pages\/420\/revisions"}],"predecessor-version":[{"id":421,"href":"https:\/\/targod.nl\/fr\/wp-json\/wp\/v2\/pages\/420\/revisions\/421"}],"wp:attachment":[{"href":"https:\/\/targod.nl\/fr\/wp-json\/wp\/v2\/media?parent=420"}],"curies":[{"name":"wp","href":"https:\/\/api.w.org\/{rel}","templated":true}]}}