{"id":327,"date":"2023-06-29T11:14:05","date_gmt":"2023-06-29T09:14:05","guid":{"rendered":"https:\/\/targod.nl\/a-propos-de-nous\/"},"modified":"2024-09-09T10:37:04","modified_gmt":"2024-09-09T08:37:04","slug":"a-propos-de-nous","status":"publish","type":"page","link":"https:\/\/targod.nl\/fr\/a-propos-de-nous\/","title":{"rendered":"A propos de nous"},"content":{"rendered":"\n\n\t<section class=\"section\" id=\"section_782724354\">\n\t\t<div class=\"section-bg fill\" >\n\t\t\t\t\t\t\t\t\t\n\t\t\t\n\n\t\t<\/div>\n\n\t\t\n\n\t\t<div class=\"section-content relative\">\n\t\t\t\n\n\t<div id=\"gap-1370899513\" class=\"gap-element clearfix\" style=\"display:block; height:auto;\">\n\t\t\n<style>\n#gap-1370899513 {\n  padding-top: 30px;\n}\n<\/style>\n\t<\/div>\n\t\n\n<div class=\"row\"  id=\"row-371910418\">\n\n\n\t<div id=\"col-107404092\" class=\"col medium-12 small-12 large-8\"  >\n\t\t\t\t<div class=\"col-inner\"  >\n\t\t\t\n\t\t\t\n\n\n  <div class=\"banner has-hover\" id=\"banner-2046740826\">\n          <div class=\"banner-inner fill\">\n        <div class=\"banner-bg fill\" >\n            <img loading=\"lazy\" decoding=\"async\" width=\"800\" height=\"1200\" src=\"https:\/\/targod.nl\/wp-content\/uploads\/2023\/06\/RSC-254P_31.jpg\" class=\"bg attachment-large size-large\" alt=\"\" \/>                                    \n                    <\/div>\n\t\t\n        <div class=\"banner-layers container\">\n            <div class=\"fill banner-link\"><\/div>            \n\n   <div id=\"text-box-1493949552\" class=\"text-box banner-layer x50 md-x50 lg-x50 y50 md-y50 lg-y50 res-text\">\n                                <div class=\"text-box-content text dark\">\n              \n              <div class=\"text-inner text-center\">\n                  \n\n\n              <\/div>\n           <\/div>\n                            \n<style>\n#text-box-1493949552 {\n  width: 60%;\n}\n#text-box-1493949552 .text-box-content {\n  font-size: 100%;\n}\n@media (min-width:550px) {\n  #text-box-1493949552 {\n    width: 60%;\n  }\n}\n<\/style>\n    <\/div>\n \n\n        <\/div>\n      <\/div>\n\n            \n<style>\n#banner-2046740826 {\n  padding-top: 300px;\n  background-color: rgba(255, 255, 255, 0);\n}\n@media (min-width:550px) {\n  #banner-2046740826 {\n    padding-top: 450px;\n  }\n}\n<\/style>\n  <\/div>\n\n\n\n\t\t<\/div>\n\t\t\t\t\t<\/div>\n\n\t\n\n<\/div>\n<div class=\"row align-right\"  id=\"row-93216223\">\n\n\n\t<div id=\"col-1963149993\" class=\"col medium-12 small-12 large-6\"  >\n\t\t\t\t<div class=\"col-inner\" style=\"background-color:rgb(255, 255, 255);\" >\n\t\t\t\n\t\t\t\n\n\t<div id=\"text-1605429943\" class=\"text\">\n\t\t\n\n<h2>Targod Archery<\/h2>\n\t\t\n<style>\n#text-1605429943 {\n  font-size: 1.25rem;\n}\n<\/style>\n\t<\/div>\n\t\n<p>Dans le monde du sport, c&rsquo;est souvent une question de d\u00e9tails. Il est donc indispensable de disposer d&rsquo;un bon \u00e9quipement pour obtenir d&rsquo;excellents r\u00e9sultats. Targod Archery souhaite rendre service au tir \u00e0 l&rsquo;arc \u00e0 la main en proposant des tr\u00e9pieds de haute qualit\u00e9 pour le montage des lunettes de vis\u00e9e. Gr\u00e2ce \u00e0 des ann\u00e9es d&rsquo;exp\u00e9rience dans le secteur de la photographie, la jeune entreprise est en mesure de commercialiser un tr\u00e9pied sp\u00e9cialement con\u00e7u pour le tir \u00e0 l&rsquo;arc \u00e0 la main. Sous le nom de Targod Archery, plusieurs produits sont fournis pour aider les archers (et les entra\u00eeneurs) \u00e0 visualiser rapidement et pr\u00e9cis\u00e9ment leurs scores.<\/p>\n<p>Voir tous les produits Targod Archery <a href=\"https:\/\/targod.nl\/winkel\/\">ici<\/a> <\/p>\n\n\t\t<\/div>\n\t\t\t\t\n<style>\n#col-1963149993 > .col-inner {\n  padding: 7% 8% 5% 8%;\n  margin: -50px 0 0px 0px;\n}\n@media (min-width:550px) {\n  #col-1963149993 > .col-inner {\n    padding: 6% 8% 5% 8%;\n  }\n}\n@media (min-width:850px) {\n  #col-1963149993 > .col-inner {\n    padding: 8% 8% 5% 8%;\n    margin: -290px 0px 0px 0px;\n  }\n}\n<\/style>\n\t<\/div>\n\n\t\n\n<\/div>\n\n\t\t<\/div>\n\n\t\t\n<style>\n#section_782724354 {\n  padding-top: 30px;\n  padding-bottom: 30px;\n  background-color: #273647;\n}\n@media (min-width:550px) {\n  #section_782724354 {\n    padding-top: 50px;\n    padding-bottom: 50px;\n  }\n}\n<\/style>\n\t<\/section>\n\t\n\n","protected":false},"excerpt":{"rendered":"","protected":false},"author":1,"featured_media":0,"parent":0,"menu_order":0,"comment_status":"closed","ping_status":"closed","template":"","meta":{"footnotes":""},"class_list":["post-327","page","type-page","status-publish","hentry"],"_links":{"self":[{"href":"https:\/\/targod.nl\/fr\/wp-json\/wp\/v2\/pages\/327","targetHints":{"allow":["GET"]}}],"collection":[{"href":"https:\/\/targod.nl\/fr\/wp-json\/wp\/v2\/pages"}],"about":[{"href":"https:\/\/targod.nl\/fr\/wp-json\/wp\/v2\/types\/page"}],"author":[{"embeddable":true,"href":"https:\/\/targod.nl\/fr\/wp-json\/wp\/v2\/users\/1"}],"replies":[{"embeddable":true,"href":"https:\/\/targod.nl\/fr\/wp-json\/wp\/v2\/comments?post=327"}],"version-history":[{"count":6,"href":"https:\/\/targod.nl\/fr\/wp-json\/wp\/v2\/pages\/327\/revisions"}],"predecessor-version":[{"id":700,"href":"https:\/\/targod.nl\/fr\/wp-json\/wp\/v2\/pages\/327\/revisions\/700"}],"wp:attachment":[{"href":"https:\/\/targod.nl\/fr\/wp-json\/wp\/v2\/media?parent=327"}],"curies":[{"name":"wp","href":"https:\/\/api.w.org\/{rel}","templated":true}]}}