{"id":297,"date":"2023-06-29T11:13:25","date_gmt":"2023-06-29T09:13:25","guid":{"rendered":"https:\/\/targod.nl\/ambassadeurs\/"},"modified":"2024-09-09T10:41:17","modified_gmt":"2024-09-09T08:41:17","slug":"ambassadeurs","status":"publish","type":"page","link":"https:\/\/targod.nl\/fr\/ambassadeurs\/","title":{"rendered":"Ambassadeurs"},"content":{"rendered":"\n<p class=\"has-text-align-right\"><a href=\"#quintyroeffen\">Quinty Roeffen<\/a> &#8211; <a href=\"#fleurvandeven\">Fleur van de Ven<\/a> &#8211; <a href=\"#mikeschloesser\">Mike Schloesser<\/a> &#8211; <a href=\"#stevewijler\">Steve Wijler<\/a> &#8211; <a href=\"#jacquelinevanrozendaal\">Jacqueline van Rozendaal<\/a><\/p>\n\n<h2 class=\"wp-block-heading\" id=\"quintyroeffen\">Quinty Roeffen<\/h2>\n\n<div class=\"wp-block-media-text alignwide is-stacked-on-mobile\"><figure class=\"wp-block-media-text__media\"><img loading=\"lazy\" decoding=\"async\" width=\"600\" height=\"900\" src=\"https:\/\/targod.nl\/wp-content\/uploads\/2023\/07\/SUP202102190232.jpg\" alt=\"\" class=\"wp-image-400 size-full\" srcset=\"https:\/\/targod.nl\/wp-content\/uploads\/2023\/07\/SUP202102190232.jpg 600w, https:\/\/targod.nl\/wp-content\/uploads\/2023\/07\/SUP202102190232-400x600.jpg 400w, https:\/\/targod.nl\/wp-content\/uploads\/2023\/07\/SUP202102190232-200x300.jpg 200w\" sizes=\"auto, (max-width: 600px) 100vw, 600px\" \/><\/figure><div class=\"wp-block-media-text__content\">\n<ul class=\"wp-block-list\">\n<li>Arc : Win&amp;Win ATF-X<\/li>\n\n\n\n<li>Visor : Shibuya Ultima<\/li>\n\n\n\n<li>Fl\u00e8ches : Easton ACE<\/li>\n\n\n\n<li>Tr\u00e9pied : <a href=\"https:\/\/targod.nl\/fr\/produit\/kit-de-trepieds-targod-rsc-254p\/\">Tr\u00e9pied Targod Archery RSC-254P<\/a><\/li>\n\n\n\n<li>Lunette : Zeiss<\/li>\n\n\n\n<li>Kit de stabilisation : &#8211;<\/li>\n<\/ul>\n<\/div><\/div>\n\n<p>Ce que peut faire un apr\u00e8s-midi de baignade dans un centre de vacances. Sur un terrain adjacent \u00e0 la piscine, les enfants peuvent s&rsquo;initier au tir \u00e0 l&rsquo;arc. Quinty, alors \u00e2g\u00e9e de huit ans, y participe \u00e9galement et, apr\u00e8s avoir tir\u00e9 sa premi\u00e8re fl\u00e8che, elle comprend tout de suite qu&rsquo;elle a trouv\u00e9 un nouvel amour. Quelques semaines plus tard, elle a rempli le formulaire d&rsquo;inscription au club de handbow de sa ville natale de Horst. Il appara\u00eet rapidement qu&rsquo;elle poss\u00e8de le talent n\u00e9cessaire et, \u00e0 force de travail, Quinty parvient \u00e0 remporter plusieurs titres n\u00e9erlandais. \u00c0 l&rsquo;\u00e2ge de 16 ans, cela lui donne \u00e9galement l&rsquo;occasion de rejoindre TeamNL. Actuellement, elle se consacre enti\u00e8rement au tir \u00e0 l&rsquo;arc \u00e0 la main. C&rsquo;est pourquoi elle vit depuis un certain temps au Centre sportif Papendal, afin de s&rsquo;impliquer le plus possible dans son sport. En effet, la mission est claire : repr\u00e9senter les Pays-Bas aux Jeux olympiques.<\/p>\n\n<p>Voulez-vous suivre la suite de ses aventures ?  <\/p>\n\n<p>Suivez Quinty sur <a href=\"https:\/\/www.facebook.com\/quinty.roeffen.3\">Facebook<\/a> et <a href=\"https:\/\/www.instagram.com\/quinty.roeffen\/\">Instagram<\/a><\/p>\n\n<h2 class=\"wp-block-heading has-text-align-right\" id=\"fleurvandeven\">Fleur van de Ven<\/h2>\n\n<div class=\"wp-block-media-text alignwide has-media-on-the-right is-stacked-on-mobile\"><div class=\"wp-block-media-text__content\">\n<ul class=\"wp-block-list\">\n<li>Arc : section centrale Win &amp; Win ATF et lattes NS-G<\/li>\n\n\n\n<li>Visi\u00e8re : Shibuya Ultima RC Pro<\/li>\n\n\n\n<li>Fl\u00e8ches : Easton ACE<\/li>\n\n\n\n<li>Tr\u00e9pied :<a href=\"https:\/\/targod.nl\/fr\/produit\/kit-de-trepieds-targod-rsc-254p\/\">Tr\u00e9pied <\/a> <a href=\"https:\/\/targod.nl\/fr\/produit\/kit-de-trepieds-targod-rsc-254p\/\">Targod <\/a><a href=\"https:\/\/targod.nl\/fr\/produit\/kit-de-trepieds-targod-rsc-254p\/\">Archery <\/a>RSC-254P<\/li>\n\n\n\n<li>Lunette de vis\u00e9e : Vortex<\/li>\n\n\n\n<li>Kit de stabilisation : &#8211;<\/li>\n<\/ul>\n<\/div><figure class=\"wp-block-media-text__media\"><img loading=\"lazy\" decoding=\"async\" width=\"600\" height=\"900\" src=\"https:\/\/targod.nl\/wp-content\/uploads\/2023\/07\/SUP202102190224.jpg\" alt=\"\" class=\"wp-image-396 size-full\" srcset=\"https:\/\/targod.nl\/wp-content\/uploads\/2023\/07\/SUP202102190224.jpg 600w, https:\/\/targod.nl\/wp-content\/uploads\/2023\/07\/SUP202102190224-400x600.jpg 400w, https:\/\/targod.nl\/wp-content\/uploads\/2023\/07\/SUP202102190224-200x300.jpg 200w\" sizes=\"auto, (max-width: 600px) 100vw, 600px\" \/><\/figure><\/div>\n\n<p>Bien qu&rsquo;elle ait commenc\u00e9 le tir \u00e0 l&rsquo;arc \u00e0 un \u00e2ge un peu plus avanc\u00e9, Fleur van de Ven a rapidement r\u00e9ussi \u00e0 se faire un nom dans ce sport olympique. Le tireur de Helmond semble \u00eatre tr\u00e8s talentueux et a d\u00e9j\u00e0 atteint le sommet national en peu de temps. Au d\u00e9but de l&rsquo;ann\u00e9e 2023, par exemple, elle a remport\u00e9 le titre de championne des Pays-Bas de tir \u00e0 l&rsquo;arc en salle pour les femmes de moins de 21 ans. Comme on pouvait s&rsquo;y attendre, elle a r\u00e9ussi \u00e0 obtenir une place au sein de TeamNL. Seules quatre femmes en font partie, dont Quinty. D&rsquo;ailleurs, les deux se connaissent tr\u00e8s bien puisqu&rsquo;ils vivent ensemble au Centre sportif Papendal. Pendant des ann\u00e9es, ils ont \u00e9t\u00e9 de bons amis l&rsquo;un pour l&rsquo;autre, mais lorsqu&rsquo;ils s&rsquo;accostent pour tirer leurs fl\u00e8ches, c&rsquo;est durement contre durement. Fleur et Quinty se tiennent ainsi mutuellement en haleine, ce qui peut \u00e9galement expliquer la progression que les deux femmes parviennent \u00e0 r\u00e9aliser dans le sport du tir \u00e0 l&rsquo;arc. Ils se serrent les coudes et atteignent ensemble des niveaux plus \u00e9lev\u00e9s. Comme Quinty, bien s\u00fbr, Fleur n&rsquo;a qu&rsquo;un seul objectif. Atteindre les Jeux olympiques et obtenir une m\u00e9daille.  <\/p>\n\n<p>Voulez-vous suivre la suite de ses aventures ?<\/p>\n\n<p>Suivez Fleur sur <a href=\"https:\/\/www.facebook.com\/fleur.vandeven.56\">Facebook<\/a> et <a href=\"https:\/\/www.instagram.com\/fleur_vd_ven\/\">Instagram<\/a>   <\/p>\n\n<h2 class=\"wp-block-heading\" id=\"mikeschloesser\">Mike Schloesser<\/h2>\n\n<div class=\"wp-block-media-text alignwide is-stacked-on-mobile\"><figure class=\"wp-block-media-text__media\"><img loading=\"lazy\" decoding=\"async\" width=\"868\" height=\"1200\" src=\"https:\/\/targod.nl\/wp-content\/uploads\/2024\/06\/R3X_3388-X4-868x1200.jpg\" alt=\"\" class=\"wp-image-614 size-full\" srcset=\"https:\/\/targod.nl\/wp-content\/uploads\/2024\/06\/R3X_3388-X4-868x1200.jpg 868w, https:\/\/targod.nl\/wp-content\/uploads\/2024\/06\/R3X_3388-X4-434x600.jpg 434w, https:\/\/targod.nl\/wp-content\/uploads\/2024\/06\/R3X_3388-X4-217x300.jpg 217w, https:\/\/targod.nl\/wp-content\/uploads\/2024\/06\/R3X_3388-X4-768x1062.jpg 768w, https:\/\/targod.nl\/wp-content\/uploads\/2024\/06\/R3X_3388-X4-1111x1536.jpg 1111w, https:\/\/targod.nl\/wp-content\/uploads\/2024\/06\/R3X_3388-X4-600x830.jpg 600w, https:\/\/targod.nl\/wp-content\/uploads\/2024\/06\/R3X_3388-X4.jpg 1354w\" sizes=\"auto, (max-width: 868px) 100vw, 868px\" \/><\/figure><div class=\"wp-block-media-text__content\">\n<ul class=\"wp-block-list\">\n<li>Arc : Hoyt Stratos 40 SVX<\/li>\n\n\n\n<li>Visor : Axcel XP Pro<\/li>\n\n\n\n<li>Fl\u00e8ches : Easton X10 325 \/ Easton 2315<\/li>\n\n\n\n<li>Tr\u00e9pied :<a href=\"https:\/\/targod.nl\/fr\/produit\/kit-de-trepieds-targod-rsc-254p\/\">Tr\u00e9pied <\/a> <a href=\"https:\/\/targod.nl\/fr\/produit\/kit-de-trepieds-targod-rsc-254p\/\">Targod <\/a><a href=\"https:\/\/targod.nl\/fr\/produit\/kit-de-trepieds-targod-rsc-254p\/\">Archery <\/a>RSC-254P<\/li>\n\n\n\n<li>Lunette : Maven Optics<\/li>\n\n\n\n<li>Kit de stabilisation : Axcel aero 500<\/li>\n<\/ul>\n<\/div><\/div>\n\n<p class=\"has-small-font-size\">Photo : Dutchtarget\/Dean Alberga<\/p>\n\n<p>Pas de r\u00eave olympique pour cet homme, car Mike Schloesser a d\u00e9j\u00e0 pris un autre tournant dans sa jeunesse que nos ambassadeurs qui concourent sur le Recurve. Et cela ne lui a pas fait de mal, car Schloesser est une grande star de la comp\u00e9tition de combin\u00e9. Le Limbourgeois de 30 ans est triple champion du monde et actuel num\u00e9ro 1 au classement mondial. Il occupe cette position depuis plus de trois ans, un record dans cette discipline. Alors qu&rsquo;aux Pays-Bas, on s&rsquo;int\u00e9resse beaucoup \u00e0 ses coll\u00e8gues de l&rsquo;arc recourb\u00e9 en raison de son statut olympique, l&rsquo;arc \u00e0 poulies est tr\u00e8s populaire aux \u00c9tats-Unis. Si vous demandez \u00e0 Schloesser quel est le moment dont il est le plus fier, il mentionnera sa premi\u00e8re victoire au Vegas Shoot. \u00c0 l&rsquo;\u00e2ge de 20 ans, il r\u00e9ussit \u00e0 remporter ce prestigieux concours en tant que jeune ambitieux. C&rsquo;est un tournant dans sa carri\u00e8re, qui a encore plus d&rsquo;impact que son premier titre mondial. L&rsquo;arc \u00e0 poulies exigeant un peu moins de travail physique de la part de son propri\u00e9taire, le Limbourgeois prosp\u00e8re esp\u00e8re rester au sommet de ce sport pendant encore longtemps. Tous les ingr\u00e9dients n\u00e9cessaires Monsieur. Perfect (comme on l&rsquo;appelle dans le milieu du tir \u00e0 l&rsquo;arc \u00e0 la main) est promis \u00e0 un bel avenir, mais Schloesser est \u00e9galement conscient du prix \u00e9lev\u00e9 qu&rsquo;il doit payer pour cela. La pratique professionnelle du tir \u00e0 l&rsquo;arc \u00e0 la main implique d&rsquo;\u00eatre souvent loin de chez soi et de ne jamais conna\u00eetre un moment de repos. Pour lui et sa femme Gaby (archer \u00e0 main recourb\u00e9e, m\u00e9daill\u00e9e d&rsquo;argent aux Jeux olympiques), la cl\u00e9 du succ\u00e8s r\u00e9side donc dans le maintien du plaisir de pratiquer ce sport. Faire de l&rsquo;exercice ensemble dans l&rsquo;arri\u00e8re-cour est tr\u00e8s utile. <\/p>\n\n<p>Vous voulez suivre la suite de ses aventures ?<\/p>\n\n<p>Suivez Mike sur <a href=\"https:\/\/www.facebook.com\/MikeTheFlyingDutchman\">Facebook<\/a> et <a href=\"https:\/\/www.instagram.com\/mikeschloesser\/\">Instagram<\/a>   <\/p>\n\n<h2 class=\"wp-block-heading has-text-align-right\" id=\"stevewijler\">Steve Wijler<\/h2>\n\n<div class=\"wp-block-media-text alignwide has-media-on-the-right is-stacked-on-mobile\"><div class=\"wp-block-media-text__content\">\n<ul class=\"wp-block-list\">\n<li>Arc : Hoyt Formula XD<\/li>\n\n\n\n<li>Visi\u00e8re : Axcel XP<\/li>\n\n\n\n<li>Fl\u00e8ches : Easton X10 <\/li>\n\n\n\n<li>Tr\u00e9pied :<a href=\"https:\/\/targod.nl\/fr\/produit\/kit-de-trepieds-targod-rsc-254p\/\">Tr\u00e9pied <\/a> <a href=\"https:\/\/targod.nl\/fr\/produit\/kit-de-trepieds-targod-rsc-254p\/\">Targod <\/a><a href=\"https:\/\/targod.nl\/fr\/produit\/kit-de-trepieds-targod-rsc-254p\/\">Archery <\/a>RSC-254P<\/li>\n\n\n\n<li>Lunette de vis\u00e9e : Bushnell Engage<\/li>\n\n\n\n<li>Kit de stabilisation : Ramrodis Ultra V4<\/li>\n<\/ul>\n<\/div><figure class=\"wp-block-media-text__media\"><img loading=\"lazy\" decoding=\"async\" width=\"600\" height=\"900\" src=\"https:\/\/targod.nl\/wp-content\/uploads\/2024\/07\/SteveWijlerSTAAND-1.jpg\" alt=\"\" class=\"wp-image-670 size-full\" srcset=\"https:\/\/targod.nl\/wp-content\/uploads\/2024\/07\/SteveWijlerSTAAND-1.jpg 600w, https:\/\/targod.nl\/wp-content\/uploads\/2024\/07\/SteveWijlerSTAAND-1-400x600.jpg 400w, https:\/\/targod.nl\/wp-content\/uploads\/2024\/07\/SteveWijlerSTAAND-1-200x300.jpg 200w\" sizes=\"auto, (max-width: 600px) 100vw, 600px\" \/><\/figure><\/div>\n\n<p>C&rsquo;est par l&rsquo;interm\u00e9diaire d&rsquo;un camarade de classe que Steve Wijler a \u00e9t\u00e9 initi\u00e9 au tir \u00e0 l&rsquo;arc \u00e0 la main alors qu&rsquo;il \u00e9tait adolescent et qu&rsquo;il est imm\u00e9diatement tomb\u00e9 amoureux de ce sport. Bien qu&rsquo;il se soit av\u00e9r\u00e9 dou\u00e9, il n&rsquo;a pas cherch\u00e9 tout de suite \u00e0 participer aux comp\u00e9titions les plus prestigieuses. En fait, il a longtemps tir\u00e9 au sein de l&rsquo;association limbourgeoise \u00ab\u00a0Gezellig Samenzijn\u00a0\u00bb, o\u00f9 le plaisir \u00e9tait primordial. Steve gagne beaucoup sur le 25 m\u00e8tres, mais \u00e0 l&rsquo;\u00e9poque, il n&rsquo;est pas \u00e0 la hauteur de l&rsquo;\u00e9lite n\u00e9erlandaise dans l&rsquo;\u00e9preuve de l&rsquo;arc recourb\u00e9. Les choses changent lorsque, \u00e0 l&rsquo;\u00e2ge de 18 ans, il ach\u00e8te un nouvel arc. Le commer\u00e7ant lui demande sinc\u00e8rement pourquoi il ne tire pas \u00e0 70 m\u00e8tres, la distance sur laquelle sont bas\u00e9es les comp\u00e9titions internationales telles que les championnats d&rsquo;Europe, les coupes du monde et les Jeux olympiques. Il s&rsquo;agit d&rsquo;un moment cl\u00e9 pour Wijler, car il s&rsquo;engage alors \u00e0 tirer \u00e0 70 m\u00e8tres. Il se fait rapidement remarquer dans le tir \u00e0 l&rsquo;arc n\u00e9erlandais et m\u00eame \u00e0 l&rsquo;\u00e9tranger. En tant que tireur de TeamNL, il parvient \u00e0 remporter plusieurs prix internationaux, avec m\u00eame une m\u00e9daille d&rsquo;argent aux Jeux olympiques de 2020 (organis\u00e9s en 2021 en raison de la corona). Bien que les m\u00e9dias se concentrent principalement sur les exploits olympiques dans le domaine du tir \u00e0 l&rsquo;arc, le Limbourgeois de 27 ans est particuli\u00e8rement fier d&rsquo;autres victoires qui n&rsquo;attirent gu\u00e8re l&rsquo;attention. Comme sa victoire au Vegas Shoot 2023, o\u00f9 il a prouv\u00e9 qu&rsquo;il \u00e9tait le plus fort pour la troisi\u00e8me fois et a tir\u00e9 le match sans aucun soutien. En tant qu&rsquo;athl\u00e8te professionnel, Wijler en est maintenant \u00e0 sa huiti\u00e8me ann\u00e9e et a r\u00e9ussi \u00e0 remporter presque toutes les grandes r\u00e9compenses au cours de cette p\u00e9riode. Pourtant, il lui en manque une. Une m\u00e9daille olympique dans l&rsquo;\u00e9preuve individuelle. Esp\u00e9rons qu&rsquo;il y parviendra au cours de l&rsquo;\u00e9t\u00e9 2024, lorsqu&rsquo;il participera pour la deuxi\u00e8me fois aux Jeux olympiques.              <\/p>\n\n<p>Vous voulez suivre la suite de ses aventures ?<\/p>\n\n<p>Suivez Steve sur <a href=\"https:\/\/www.facebook.com\/profile.php?id=100063522069904\">Facebook<\/a> et <a href=\"https:\/\/www.instagram.com\/steve_wijler\/\">Instagram<\/a>   <\/p>\n\n<h2 class=\"wp-block-heading\" id=\"jacquelinevanrozendaal\">Jacqueline van Rozendaal<\/h2>\n\n<div class=\"wp-block-media-text alignwide has-media-on-the-right is-stacked-on-mobile\"><div class=\"wp-block-media-text__content\">\n<ul class=\"wp-block-list\">\n<li>Tr\u00e9pied : <a href=\"https:\/\/targod.nl\/fr\/produit\/kit-de-trepieds-targod-rsc-254p\/\">Tr\u00e9pied Targod Archery <\/a>RSC-254P<\/li>\n\n\n\n<li>Lunette de vis\u00e9e : Swarovski ATS 80 HD<\/li>\n<\/ul>\n<\/div><figure class=\"wp-block-media-text__media\"><img loading=\"lazy\" decoding=\"async\" width=\"600\" height=\"900\" src=\"https:\/\/targod.nl\/wp-content\/uploads\/2024\/08\/PRDR6705.jpg\" alt=\"\" class=\"wp-image-688 size-full\" srcset=\"https:\/\/targod.nl\/wp-content\/uploads\/2024\/08\/PRDR6705.jpg 600w, https:\/\/targod.nl\/wp-content\/uploads\/2024\/08\/PRDR6705-400x600.jpg 400w, https:\/\/targod.nl\/wp-content\/uploads\/2024\/08\/PRDR6705-200x300.jpg 200w\" sizes=\"auto, (max-width: 600px) 100vw, 600px\" \/><\/figure><\/div>\n\n<p>Si elle ne tire plus tr\u00e8s souvent elle-m\u00eame une fl\u00e8che vers le blason, la vie de Jacqueline van Rozendaal est n\u00e9anmoins enti\u00e8rement d\u00e9di\u00e9e au tir \u00e0 l&rsquo;arc \u00e0 la main. En tant qu&rsquo;ancienne archer, elle a notamment tir\u00e9 lors de deux Jeux olympiques (S\u00e9oul 88 et Barcelone 92) et fait partie depuis 2017 de l&rsquo;\u00e9quipe d&rsquo;entra\u00eeneurs charg\u00e9e d&rsquo;amener les jeunes talents n\u00e9erlandais au sommet. Apr\u00e8s les derniers Jeux olympiques de Tokyo en 2020 (organis\u00e9s en 2021 en raison de l&rsquo;\u00e9pid\u00e9mie de corona), elle est m\u00eame devenue l&rsquo;entra\u00eeneur principal des archers \u00e0 main de TeamNL. Gr\u00e2ce \u00e0 sa propre exp\u00e9rience et \u00e0 un cours de psychologie du sport, Mme Van Rozendaal, \u00e2g\u00e9e de 60 ans, sait tr\u00e8s bien ce qu&rsquo;implique le sport de haut niveau. Gr\u00e2ce \u00e0 ces connaissances, elle tente d&rsquo;aider les archers talentueux \u00e0 atteindre les objectifs les plus \u00e9lev\u00e9s possibles.     Cela s&rsquo;accompagne \u00e9videmment de hauts et de bas \u00e9motionnels, mais c&rsquo;est pr\u00e9cis\u00e9ment l&rsquo;aspect mental du sport de haut niveau qui rend son r\u00f4le actuel de s\u00e9lectionneuse nationale si int\u00e9ressant. Dans ce domaine, elle aime soutenir ses \u00e9l\u00e8ves et assister de pr\u00e8s \u00e0 la croissance des athl\u00e8tes et des jeunes adultes. Pour l&rsquo;instant, ce d\u00e9veloppement semble aller tr\u00e8s vite, car les s\u00e9lectionneurs de TeamNL sont parmi les meilleurs au monde. Lors des tournois internationaux, ils concourent pour des prix et il y a donc de fortes chances qu&rsquo;un ou plusieurs tireurs n\u00e9erlandais rentrent au pays avec un certain succ\u00e8s aux Jeux Olympiques de Paris. <\/p>\n\n<p>Vous voulez suivre ses exploits en tant que s\u00e9lectionneuse nationale ?<\/p>\n\n<p>Consultez ensuite le site web de <a href=\"https:\/\/www.handboogsport.nl\/\">Royal HandbowSport Netherlands<\/a>.<\/p>\n","protected":false},"excerpt":{"rendered":"<p>Quinty Roeffen &#8211; Fleur van de Ven &#8211; Mike Schloesser &#8211; Steve Wijler &#8211; Jacqueline van Rozendaal Quinty Roeffen Ce que peut faire un apr\u00e8s-midi de baignade dans un centre de vacances. Sur un terrain adjacent \u00e0 la piscine, les enfants peuvent s&rsquo;initier au tir \u00e0 l&rsquo;arc. Quinty, alors \u00e2g\u00e9e de huit ans, y participe [&#8230;]\n","protected":false},"author":1,"featured_media":0,"parent":0,"menu_order":0,"comment_status":"closed","ping_status":"closed","template":"","meta":{"footnotes":""},"class_list":["post-297","page","type-page","status-publish","hentry"],"_links":{"self":[{"href":"https:\/\/targod.nl\/fr\/wp-json\/wp\/v2\/pages\/297","targetHints":{"allow":["GET"]}}],"collection":[{"href":"https:\/\/targod.nl\/fr\/wp-json\/wp\/v2\/pages"}],"about":[{"href":"https:\/\/targod.nl\/fr\/wp-json\/wp\/v2\/types\/page"}],"author":[{"embeddable":true,"href":"https:\/\/targod.nl\/fr\/wp-json\/wp\/v2\/users\/1"}],"replies":[{"embeddable":true,"href":"https:\/\/targod.nl\/fr\/wp-json\/wp\/v2\/comments?post=297"}],"version-history":[{"count":22,"href":"https:\/\/targod.nl\/fr\/wp-json\/wp\/v2\/pages\/297\/revisions"}],"predecessor-version":[{"id":704,"href":"https:\/\/targod.nl\/fr\/wp-json\/wp\/v2\/pages\/297\/revisions\/704"}],"wp:attachment":[{"href":"https:\/\/targod.nl\/fr\/wp-json\/wp\/v2\/media?parent=297"}],"curies":[{"name":"wp","href":"https:\/\/api.w.org\/{rel}","templated":true}]}}