{"id":454,"date":"2023-07-06T15:46:40","date_gmt":"2023-07-06T13:46:40","guid":{"rendered":"https:\/\/targod.nl\/datenschutzbestimmungen\/"},"modified":"2023-07-18T10:38:34","modified_gmt":"2023-07-18T08:38:34","slug":"datenschutzbestimmungen","status":"publish","type":"page","link":"https:\/\/targod.nl\/de\/datenschutzbestimmungen\/","title":{"rendered":"Datenschutzbestimmungen"},"content":{"rendered":"\n<h2 class=\"wp-block-heading\">DATENSCHUTZPOLITIK<\/h2>\n\n<h4 class=\"wp-block-heading\"><strong>Anonyme Offenlegung<\/strong><\/h4>\n\n<p>Sie k\u00f6nnen unsere Website besuchen, ohne pers\u00f6nliche Daten preiszugeben. Wir speichern keine personenbezogenen Daten. Um unser Angebot zu verbessern, werten wir nur statistische Daten aus, die keine R\u00fcckschl\u00fcsse auf Ihre Person zulassen.<\/p>\n\n<h4 class=\"wp-block-heading\"><strong>Information, Verarbeitung und Nutzung von personenbezogenen Daten<\/strong><\/h4>\n\n<p>Wir speichern personenbezogene Daten nur, wenn Sie uns diese pers\u00f6nlich zur Verf\u00fcgung gestellt haben. Die Verarbeitung und Nutzung Ihrer personenbezogenen Daten dient der Erf\u00fcllung und Abrechnung vertraglich vereinbarter Leistungen sowie der Abwicklung Ihrer Bestellung.<\/p>\n\n<h4 class=\"wp-block-heading\"><strong>Verwendung der E-Mail-Adresse f\u00fcr den Versand von Newslettern<\/strong><\/h4>\n\n<p>Wir nutzen Ihre E-Mail-Adresse unabh\u00e4ngig von der Vertragsabwicklung nur dann f\u00fcr eigene Werbezwecke zum Versand des Newsletters, wenn Sie hierzu Ihre ausdr\u00fcckliche Einwilligung erteilt haben. Die in diesem Zusammenhang zu erteilende Zustimmung lautet wie folgt:<br\/>Nach der Registrierung Ihrer E-Mail-Adresse erhalten Sie von uns eine E-Mail mit einem Link, den Sie anklicken m\u00fcssen. Sie k\u00f6nnen den Newsletter jederzeit abbestellen, indem Sie den Link im Newsletter anklicken oder uns eine E-Mail schicken.<\/p>\n\n<h4 class=\"wp-block-heading\"><strong>Personalisierte Werbebanner und Anzeigen<\/strong><\/h4>\n\n<p>Durch die Technologie von Google Inc. Daten \u00fcber das Surfverhalten der Besucher zu Marketingzwecken werden auf dieser Website anonymisiert erhoben und gespeichert. Diese Daten werden mit Hilfe eines sogenannten &#8222;Cookie&#8220; auf Ihrem Computer gespeichert. Google Inc. analysiert das Surfverhalten mit Hilfe eines Algorithmus und kann so gezielt personalisierte Werbebanner oder Werbung f\u00fcr andere Websites anzeigen. Diese Daten k\u00f6nnen unter keinen Umst\u00e4nden dazu verwendet werden, die Besucher dieser Website pers\u00f6nlich zu identifizieren. Die erhobenen Daten werden ausschlie\u00dflich zur Verbesserung des Angebots verwendet.<\/p>\n\n<h4 class=\"wp-block-heading\"><strong>\u00dcbermittlung von personenbezogenen Daten<\/strong><\/h4>\n\n<p>Ihre pers\u00f6nlichen Daten werden nicht ohne Ihre ausdr\u00fcckliche Zustimmung weitergegeben. Ausgenommen hiervon sind unsere Partner, die wir mit der Abwicklung Ihrer Bestellung beauftragen. In diesen F\u00e4llen halten wir uns streng an die Regeln der Allgemeinen Datenschutzverordnung (GDPR). Der Umfang der Daten\u00fcbermittlung beschr\u00e4nkt sich auf das erforderliche Minimum.<\/p>\n\n<h4 class=\"wp-block-heading\"><strong>Cookies<\/strong><\/h4>\n\n<p>Unsere Website verwendet an mehreren Stellen sogenannte Cookies. Cookies sind kleine Textdateien, die auf Ihrem Computer erstellt und von Ihrem Browser gespeichert werden. Wir verwenden diese Cookies, um unser Angebot nutzerfreundlicher, effektiver und sicherer zu machen. Cookies erm\u00f6glichen es unserem System, Ihren Browser zu erkennen, damit wir Ihnen einen bestimmten Dienst anbieten k\u00f6nnen. In Cookies werden keine personenbezogenen Daten gespeichert.<\/p>\n\n<h4 class=\"wp-block-heading\"><strong>Sicherheit der Daten<\/strong><\/h4>\n\n<p>Targod setzt technische und organisatorische Sicherheitsma\u00dfnahmen ein, um Ihre durch uns verwalteten Daten gegen zuf\u00e4llige oder vors\u00e4tzliche Manipulationen, Verlust, Zerst\u00f6rung oder gegen den Zugriff unberechtigter Personen zu sch\u00fctzen. Unsere Sicherheitsma\u00dfnahmen werden entsprechend der technologischen Entwicklung fortlaufend verbessert.<\/p>\n\n<h4 class=\"wp-block-heading\"><strong>Recht auf Information und R\u00fccktrittsrecht<\/strong><\/h4>\n\n<p>Auf Anforderung teilt Ihnen Targod mit, ob und welche pers\u00f6nlichen Daten \u00fcber Sie bei uns gespeichert sind. Sie k\u00f6nnen Ihre Zustimmung zur Speicherung und Nutzung Ihrer personenbezogenen Daten und\/oder Ihres Nutzerprofils jederzeit per E-Mail widerrufen.<\/p>\n\n<p>Wenn Sie Fragen zur Verarbeitung Ihrer pers\u00f6nlichen Daten haben, wenden Sie sich bitte an <a href=\"mailto:info@targod.nl\" data-type=\"mailto\" data-id=\"mailto:info@targod.nl\">info@targod.nl.<\/a><\/p>\n","protected":false},"excerpt":{"rendered":"<p>DATENSCHUTZPOLITIK Anonyme Offenlegung Sie k\u00f6nnen unsere Website besuchen, ohne pers\u00f6nliche Daten preiszugeben. Wir speichern keine personenbezogenen Daten. Um unser Angebot zu verbessern, werten wir nur statistische Daten aus, die keine R\u00fcckschl\u00fcsse auf Ihre Person zulassen. Information, Verarbeitung und Nutzung von personenbezogenen Daten Wir speichern personenbezogene Daten nur, wenn Sie uns diese pers\u00f6nlich zur Verf\u00fcgung gestellt [&#8230;]\n","protected":false},"author":1,"featured_media":0,"parent":0,"menu_order":0,"comment_status":"closed","ping_status":"closed","template":"","meta":{"footnotes":""},"class_list":["post-454","page","type-page","status-publish","hentry"],"_links":{"self":[{"href":"https:\/\/targod.nl\/de\/wp-json\/wp\/v2\/pages\/454","targetHints":{"allow":["GET"]}}],"collection":[{"href":"https:\/\/targod.nl\/de\/wp-json\/wp\/v2\/pages"}],"about":[{"href":"https:\/\/targod.nl\/de\/wp-json\/wp\/v2\/types\/page"}],"author":[{"embeddable":true,"href":"https:\/\/targod.nl\/de\/wp-json\/wp\/v2\/users\/1"}],"replies":[{"embeddable":true,"href":"https:\/\/targod.nl\/de\/wp-json\/wp\/v2\/comments?post=454"}],"version-history":[{"count":1,"href":"https:\/\/targod.nl\/de\/wp-json\/wp\/v2\/pages\/454\/revisions"}],"predecessor-version":[{"id":457,"href":"https:\/\/targod.nl\/de\/wp-json\/wp\/v2\/pages\/454\/revisions\/457"}],"wp:attachment":[{"href":"https:\/\/targod.nl\/de\/wp-json\/wp\/v2\/media?parent=454"}],"curies":[{"name":"wp","href":"https:\/\/api.w.org\/{rel}","templated":true}]}}