{"id":445,"date":"2023-07-18T10:23:58","date_gmt":"2023-07-18T08:23:58","guid":{"rendered":"https:\/\/targod.nl\/rueckgabe-und-umtausch\/"},"modified":"2023-07-18T13:36:23","modified_gmt":"2023-07-18T11:36:23","slug":"rueckgabe-und-umtausch","status":"publish","type":"page","link":"https:\/\/targod.nl\/de\/rueckgabe-und-umtausch\/","title":{"rendered":"R\u00fcckgabe und Umtausch"},"content":{"rendered":"\nR\u00fcckgabe und Umtausch\n\n<p>Wir hoffen, dass Sie mit unseren Produkten zufrieden sind. Wenn dies nicht der Fall ist oder Sie das falsche Produkt bestellt haben, k\u00f6nnen Sie es zur\u00fcckgeben oder gegen ein anderes Produkt umtauschen. Befolgen Sie die nachstehenden Schritte, um Ihre Bestellung so einfach wie m\u00f6glich zur\u00fcckzusenden.<\/p>\n\n<h3 class=\"wp-block-heading\"><strong>14-t\u00e4giges Widerrufsrecht<\/strong><\/h3>\n\n<p>Wenn Sie mit dem gekauften Produkt nicht zufrieden sind, k\u00f6nnen Sie es innerhalb von 14 Tagen an uns zur\u00fccksenden.  <br\/>Bitte lesen Sie vor der R\u00fccksendung unsere Allgemeinen <a href=\"https:\/\/targod.nl\/de\/allgemeine-bedingungen-und-konditionen\/\">Gesch\u00e4ftsbedingungen.<\/a><\/p>\n\n<h3 class=\"wp-block-heading\"><strong>Schritt-f\u00fcr-Schritt-Plan f\u00fcr die R\u00fcckgabe oder den Umtausch eines Artikels<\/strong><\/h3>\n\n<p>Wenn Sie einen Artikel zur\u00fcckgeben oder umtauschen m\u00f6chten, gehen Sie bitte wie folgt vor:  <\/p>\n\n<ol class=\"wp-block-list\">\n<li>F\u00fcllen Sie das <a href=\"https:\/\/targod.nl\/wp-content\/uploads\/media\/Retourformulier_Targod.pdf\">R\u00fccksendeformular<\/a> aus<\/li>\n\n\n\n<li>Bitte senden Sie die Produkte zusammen mit dem vollst\u00e4ndig ausgef\u00fcllten Formular an unser Lager zur\u00fcck.<br\/><br\/>Targod <br\/>zur R\u00fcckkehr<br\/>Parlevinkerweg 44<br\/>5928 NV Venlo  <br\/>Niederlande<\/li>\n<\/ol>\n\n<p>Hinweis: Der Umtausch erfolgt auf Ihr eigenes Risiko. Verpacken Sie die Produkte gut und bewahren Sie die Versandquittung sorgf\u00e4ltig auf. Sie k\u00f6nnen den Artikel selbst nach Venlo (NL) zur\u00fcckschicken.<\/p>\n\n<h3 class=\"wp-block-heading\"><strong>Verarbeitung und Kosten<\/strong><\/h3>\n\n<p>Nach Eingang der R\u00fccksendung wird diese innerhalb weniger Tage bearbeitet, wir werden Sie per E-Mail \u00fcber den Status der zur\u00fcckgesandten Produkte informieren. Wenn die Produkte wie oben beschrieben erhalten werden, wird der Kaufbetrag einschlie\u00dflich der bereits bezahlten Versandkosten innerhalb weniger Tage zur\u00fcckerstattet. Die Kosten f\u00fcr den R\u00fcckversand gehen zu Ihren eigenen Lasten und werden von Targod nicht erstattet.  <\/p>\n","protected":false},"excerpt":{"rendered":"<p>R\u00fcckgabe und Umtausch Wir hoffen, dass Sie mit unseren Produkten zufrieden sind. Wenn dies nicht der Fall ist oder Sie das falsche Produkt bestellt haben, k\u00f6nnen Sie es zur\u00fcckgeben oder gegen ein anderes Produkt umtauschen. Befolgen Sie die nachstehenden Schritte, um Ihre Bestellung so einfach wie m\u00f6glich zur\u00fcckzusenden. 14-t\u00e4giges Widerrufsrecht Wenn Sie mit dem gekauften [&#8230;]\n","protected":false},"author":1,"featured_media":0,"parent":0,"menu_order":0,"comment_status":"closed","ping_status":"closed","template":"","meta":{"footnotes":""},"class_list":["post-445","page","type-page","status-publish","hentry"],"_links":{"self":[{"href":"https:\/\/targod.nl\/de\/wp-json\/wp\/v2\/pages\/445","targetHints":{"allow":["GET"]}}],"collection":[{"href":"https:\/\/targod.nl\/de\/wp-json\/wp\/v2\/pages"}],"about":[{"href":"https:\/\/targod.nl\/de\/wp-json\/wp\/v2\/types\/page"}],"author":[{"embeddable":true,"href":"https:\/\/targod.nl\/de\/wp-json\/wp\/v2\/users\/1"}],"replies":[{"embeddable":true,"href":"https:\/\/targod.nl\/de\/wp-json\/wp\/v2\/comments?post=445"}],"version-history":[{"count":2,"href":"https:\/\/targod.nl\/de\/wp-json\/wp\/v2\/pages\/445\/revisions"}],"predecessor-version":[{"id":492,"href":"https:\/\/targod.nl\/de\/wp-json\/wp\/v2\/pages\/445\/revisions\/492"}],"wp:attachment":[{"href":"https:\/\/targod.nl\/de\/wp-json\/wp\/v2\/media?parent=445"}],"curies":[{"name":"wp","href":"https:\/\/api.w.org\/{rel}","templated":true}]}}