{"id":436,"date":"2023-07-06T17:27:06","date_gmt":"2023-07-06T15:27:06","guid":{"rendered":"https:\/\/targod.nl\/versand\/"},"modified":"2023-07-18T10:38:21","modified_gmt":"2023-07-18T08:38:21","slug":"versand","status":"publish","type":"page","link":"https:\/\/targod.nl\/de\/versand\/","title":{"rendered":"Versand"},"content":{"rendered":"\n<h2 class=\"wp-block-heading\">SENDEN<\/h2>\n\n<p>Wenn die Artikel vorr\u00e4tig sind, wird die Bestellung innerhalb von 1-3 Werktagen (sofern auf der Website nicht anders angegeben) an die angegebene Adresse versandt.<\/p>\n\n<p>Targod arbeitet f\u00fcr den Versand von Paketen und Paletten mit verschiedenen Transportunternehmen zusammen. Pakete werden von DPD zugestellt. Wenn eine Bestellung das Lager verl\u00e4sst, erhalten Sie eine E-Mail mit dem voraussichtlichen Liefertermin.<\/p>\n\n<p>Pakete und Paletten werden nur ebenerdig, bis zur ersten verschlie\u00dfbaren T\u00fcr, zugestellt.<br\/>Wenn Sie nicht zu Hause sind, erhalten Sie vom Zusteller eine Karte mit dem aktuellen Stand Ihrer Bestellung in Ihren Briefkasten.<\/p>\n\n<p>Haben Sie Ihre Bestellung mit sichtbaren Sch\u00e4den an der Verpackung erhalten?<br\/>Unterschreiben Sie nicht f\u00fcr den Empfang. Kontaktieren Sie unseren Kundendienst, um den Schaden zu melden. Besprechen Sie den Schaden mit dem Transporteur, fotografieren Sie den Schaden und bitten Sie den Transporteur, ihn zu notieren.<\/p>\n\n<p>Wenn Sie die Quittung unterschreiben, erkl\u00e4ren Sie sich mit den gelieferten Produkten einverstanden und haben den ordnungsgem\u00e4\u00dfen Empfang der Sendung best\u00e4tigt.<\/p>\n","protected":false},"excerpt":{"rendered":"<p>SENDEN Wenn die Artikel vorr\u00e4tig sind, wird die Bestellung innerhalb von 1-3 Werktagen (sofern auf der Website nicht anders angegeben) an die angegebene Adresse versandt. Targod arbeitet f\u00fcr den Versand von Paketen und Paletten mit verschiedenen Transportunternehmen zusammen. Pakete werden von DPD zugestellt. Wenn eine Bestellung das Lager verl\u00e4sst, erhalten Sie eine E-Mail mit dem [&#8230;]\n","protected":false},"author":1,"featured_media":0,"parent":0,"menu_order":0,"comment_status":"closed","ping_status":"closed","template":"","meta":{"footnotes":""},"class_list":["post-436","page","type-page","status-publish","hentry"],"_links":{"self":[{"href":"https:\/\/targod.nl\/de\/wp-json\/wp\/v2\/pages\/436","targetHints":{"allow":["GET"]}}],"collection":[{"href":"https:\/\/targod.nl\/de\/wp-json\/wp\/v2\/pages"}],"about":[{"href":"https:\/\/targod.nl\/de\/wp-json\/wp\/v2\/types\/page"}],"author":[{"embeddable":true,"href":"https:\/\/targod.nl\/de\/wp-json\/wp\/v2\/users\/1"}],"replies":[{"embeddable":true,"href":"https:\/\/targod.nl\/de\/wp-json\/wp\/v2\/comments?post=436"}],"version-history":[{"count":1,"href":"https:\/\/targod.nl\/de\/wp-json\/wp\/v2\/pages\/436\/revisions"}],"predecessor-version":[{"id":440,"href":"https:\/\/targod.nl\/de\/wp-json\/wp\/v2\/pages\/436\/revisions\/440"}],"wp:attachment":[{"href":"https:\/\/targod.nl\/de\/wp-json\/wp\/v2\/media?parent=436"}],"curies":[{"name":"wp","href":"https:\/\/api.w.org\/{rel}","templated":true}]}}