{"id":428,"date":"2023-07-06T16:33:48","date_gmt":"2023-07-06T14:33:48","guid":{"rendered":"https:\/\/targod.nl\/bestellung\/"},"modified":"2023-07-18T10:43:37","modified_gmt":"2023-07-18T08:43:37","slug":"bestellung","status":"publish","type":"page","link":"https:\/\/targod.nl\/de\/bestellung\/","title":{"rendered":"Bestellung"},"content":{"rendered":"\n<h2 class=\"wp-block-heading\">BESTELLUNG<\/h2>\n\n<p>Eine Bestellung bei Targod kann \u00fcber den Webshop aufgegeben werden. In wenigen Schritten ist die Bestellung aufgegeben und Sie erhalten eine Best\u00e4tigung in Ihrer Mailbox.<\/p>\n\n<h4 class=\"wp-block-heading\"><strong>Bestellung Schritt f\u00fcr Schritt<\/strong><\/h4>\n\n<ol class=\"wp-block-list\">\n<li>Klicken Sie auf den gew\u00fcnschten Artikel.<\/li>\n\n\n\n<li>M\u00f6chten Sie mehr als ein Exemplar bestellen? Passen Sie die Zahl an.<\/li>\n\n\n\n<li>Legen Sie den Artikel in Ihren Warenkorb, indem Sie auf &#8222;In den Warenkorb&#8220; klicken.<\/li>\n\n\n\n<li>Der Artikel wurde in den Einkaufswagen gelegt. M\u00f6chten Sie zur Kasse gehen? Klicken Sie dann auf &#8222;Warenkorb&#8220; und &#8222;Zur Kasse gehen&#8220;. M\u00f6chten Sie weiter einkaufen? W\u00e4hlen Sie ein neues Produkt.<\/li>\n<\/ol>\n\n<h4 class=\"wp-block-heading\"><strong>Kasse<\/strong><\/h4>\n\n<ol class=\"wp-block-list\">\n<li>Klicken Sie auf &#8222;Zur Kasse gehen&#8220;, um die Versanddaten einzugeben.<\/li>\n\n\n\n<li>F\u00fcllen Sie die erforderlichen Angaben aus.<\/li>\n\n\n\n<li>Abweichende Lieferadresse? Markieren und vervollst\u00e4ndigen Sie &#8222;An eine andere Adresse senden&#8220;.<\/li>\n\n\n\n<li>W\u00e4hlen Sie die gew\u00fcnschte Zahlungsmethode.<\/li>\n\n\n\n<li>Geben Sie die Bestellung auf, indem Sie auf den Knopf &#8222;Bestellung aufgeben und bezahlen&#8220; klicken.<\/li>\n\n\n\n<li>Sie erhalten eine Auftragsbest\u00e4tigung in Ihrer Mailbox.<\/li>\n<\/ol>\n\n<p>Wenn Sie innerhalb einer Stunde keine E-Mail erhalten haben, \u00fcberpr\u00fcfen Sie bitte Ihren Spam-Ordner in Ihrem E-Mail-Programm.<\/p>\n","protected":false},"excerpt":{"rendered":"<p>BESTELLUNG Eine Bestellung bei Targod kann \u00fcber den Webshop aufgegeben werden. In wenigen Schritten ist die Bestellung aufgegeben und Sie erhalten eine Best\u00e4tigung in Ihrer Mailbox. Bestellung Schritt f\u00fcr Schritt Kasse Wenn Sie innerhalb einer Stunde keine E-Mail erhalten haben, \u00fcberpr\u00fcfen Sie bitte Ihren Spam-Ordner in Ihrem E-Mail-Programm.<\/p>\n","protected":false},"author":1,"featured_media":0,"parent":0,"menu_order":0,"comment_status":"closed","ping_status":"closed","template":"","meta":{"footnotes":""},"class_list":["post-428","page","type-page","status-publish","hentry"],"_links":{"self":[{"href":"https:\/\/targod.nl\/de\/wp-json\/wp\/v2\/pages\/428","targetHints":{"allow":["GET"]}}],"collection":[{"href":"https:\/\/targod.nl\/de\/wp-json\/wp\/v2\/pages"}],"about":[{"href":"https:\/\/targod.nl\/de\/wp-json\/wp\/v2\/types\/page"}],"author":[{"embeddable":true,"href":"https:\/\/targod.nl\/de\/wp-json\/wp\/v2\/users\/1"}],"replies":[{"embeddable":true,"href":"https:\/\/targod.nl\/de\/wp-json\/wp\/v2\/comments?post=428"}],"version-history":[{"count":3,"href":"https:\/\/targod.nl\/de\/wp-json\/wp\/v2\/pages\/428\/revisions"}],"predecessor-version":[{"id":463,"href":"https:\/\/targod.nl\/de\/wp-json\/wp\/v2\/pages\/428\/revisions\/463"}],"wp:attachment":[{"href":"https:\/\/targod.nl\/de\/wp-json\/wp\/v2\/media?parent=428"}],"curies":[{"name":"wp","href":"https:\/\/api.w.org\/{rel}","templated":true}]}}