{"id":298,"date":"2023-06-29T11:14:05","date_gmt":"2023-06-29T09:14:05","guid":{"rendered":"https:\/\/targod.nl\/ueber-uns\/"},"modified":"2024-09-09T10:37:37","modified_gmt":"2024-09-09T08:37:37","slug":"ueber-uns","status":"publish","type":"page","link":"https:\/\/targod.nl\/de\/ueber-uns\/","title":{"rendered":"\u00dcber uns"},"content":{"rendered":"\n\n\t<section class=\"section\" id=\"section_1059007794\">\n\t\t<div class=\"section-bg fill\" >\n\t\t\t\t\t\t\t\t\t\n\t\t\t\n\n\t\t<\/div>\n\n\t\t\n\n\t\t<div class=\"section-content relative\">\n\t\t\t\n\n\t<div id=\"gap-307479342\" class=\"gap-element clearfix\" style=\"display:block; height:auto;\">\n\t\t\n<style>\n#gap-307479342 {\n  padding-top: 30px;\n}\n<\/style>\n\t<\/div>\n\t\n\n<div class=\"row\"  id=\"row-1211651910\">\n\n\n\t<div id=\"col-1902683565\" class=\"col medium-12 small-12 large-8\"  >\n\t\t\t\t<div class=\"col-inner\"  >\n\t\t\t\n\t\t\t\n\n\n  <div class=\"banner has-hover\" id=\"banner-1501633648\">\n          <div class=\"banner-inner fill\">\n        <div class=\"banner-bg fill\" >\n            <img loading=\"lazy\" decoding=\"async\" width=\"800\" height=\"1200\" src=\"https:\/\/targod.nl\/wp-content\/uploads\/2023\/06\/RSC-254P_31.jpg\" class=\"bg attachment-large size-large\" alt=\"\" \/>                                    \n                    <\/div>\n\t\t\n        <div class=\"banner-layers container\">\n            <div class=\"fill banner-link\"><\/div>            \n\n   <div id=\"text-box-1292085248\" class=\"text-box banner-layer x50 md-x50 lg-x50 y50 md-y50 lg-y50 res-text\">\n                                <div class=\"text-box-content text dark\">\n              \n              <div class=\"text-inner text-center\">\n                  \n\n\n              <\/div>\n           <\/div>\n                            \n<style>\n#text-box-1292085248 {\n  width: 60%;\n}\n#text-box-1292085248 .text-box-content {\n  font-size: 100%;\n}\n@media (min-width:550px) {\n  #text-box-1292085248 {\n    width: 60%;\n  }\n}\n<\/style>\n    <\/div>\n \n\n        <\/div>\n      <\/div>\n\n            \n<style>\n#banner-1501633648 {\n  padding-top: 300px;\n  background-color: rgba(255, 255, 255, 0);\n}\n@media (min-width:550px) {\n  #banner-1501633648 {\n    padding-top: 450px;\n  }\n}\n<\/style>\n  <\/div>\n\n\n\n\t\t<\/div>\n\t\t\t\t\t<\/div>\n\n\t\n\n<\/div>\n<div class=\"row align-right\"  id=\"row-1764150463\">\n\n\n\t<div id=\"col-1584458971\" class=\"col medium-12 small-12 large-6\"  >\n\t\t\t\t<div class=\"col-inner\" style=\"background-color:rgb(255, 255, 255);\" >\n\t\t\t\n\t\t\t\n\n\t<div id=\"text-3237340924\" class=\"text\">\n\t\t\n\n<h2>Targod Bogenschie\u00dfen<\/h2>\n\t\t\n<style>\n#text-3237340924 {\n  font-size: 1.25rem;\n}\n<\/style>\n\t<\/div>\n\t\n<p>In der Welt des Sports geht es oft um Details. Eine gute Ausr\u00fcstung ist daher eine Voraussetzung f\u00fcr hervorragende Ergebnisse. Targod Archery bietet hochwertige Stative f\u00fcr die Montage von Zielfernrohren an, um dem Handbogenschie\u00dfen zu dienen. Dank jahrelanger Erfahrung in der Fotobranche ist das junge Unternehmen in der Lage, ein Stativ speziell f\u00fcr das Handbogenschie\u00dfen zu vermarkten. Unter dem Namen Targod Archery werden verschiedene Produkte angeboten, die Bogensch\u00fctzen (und Trainern) dabei helfen, ihre Ergebnisse schnell und genau anzuzeigen.<\/p>\n<p>Sehen Sie alle Targod Bogenschie\u00dfen Produkte <a href=\"https:\/\/targod.nl\/winkel\/\">hier<\/a> <\/p>\n\n\t\t<\/div>\n\t\t\t\t\n<style>\n#col-1584458971 > .col-inner {\n  padding: 7% 8% 5% 8%;\n  margin: -50px 0 0px 0px;\n}\n@media (min-width:550px) {\n  #col-1584458971 > .col-inner {\n    padding: 6% 8% 5% 8%;\n  }\n}\n@media (min-width:850px) {\n  #col-1584458971 > .col-inner {\n    padding: 8% 8% 5% 8%;\n    margin: -290px 0px 0px 0px;\n  }\n}\n<\/style>\n\t<\/div>\n\n\t\n\n<\/div>\n\n\t\t<\/div>\n\n\t\t\n<style>\n#section_1059007794 {\n  padding-top: 30px;\n  padding-bottom: 30px;\n  background-color: #273647;\n}\n@media (min-width:550px) {\n  #section_1059007794 {\n    padding-top: 50px;\n    padding-bottom: 50px;\n  }\n}\n<\/style>\n\t<\/section>\n\t\n\n","protected":false},"excerpt":{"rendered":"","protected":false},"author":1,"featured_media":0,"parent":0,"menu_order":0,"comment_status":"closed","ping_status":"closed","template":"","meta":{"footnotes":""},"class_list":["post-298","page","type-page","status-publish","hentry"],"_links":{"self":[{"href":"https:\/\/targod.nl\/de\/wp-json\/wp\/v2\/pages\/298","targetHints":{"allow":["GET"]}}],"collection":[{"href":"https:\/\/targod.nl\/de\/wp-json\/wp\/v2\/pages"}],"about":[{"href":"https:\/\/targod.nl\/de\/wp-json\/wp\/v2\/types\/page"}],"author":[{"embeddable":true,"href":"https:\/\/targod.nl\/de\/wp-json\/wp\/v2\/users\/1"}],"replies":[{"embeddable":true,"href":"https:\/\/targod.nl\/de\/wp-json\/wp\/v2\/comments?post=298"}],"version-history":[{"count":7,"href":"https:\/\/targod.nl\/de\/wp-json\/wp\/v2\/pages\/298\/revisions"}],"predecessor-version":[{"id":702,"href":"https:\/\/targod.nl\/de\/wp-json\/wp\/v2\/pages\/298\/revisions\/702"}],"wp:attachment":[{"href":"https:\/\/targod.nl\/de\/wp-json\/wp\/v2\/media?parent=298"}],"curies":[{"name":"wp","href":"https:\/\/api.w.org\/{rel}","templated":true}]}}