{"id":287,"date":"2023-06-29T11:13:25","date_gmt":"2023-06-29T09:13:25","guid":{"rendered":"https:\/\/targod.nl\/botschafterinnen-und-botschafter\/"},"modified":"2024-09-09T10:42:48","modified_gmt":"2024-09-09T08:42:48","slug":"botschafterinnen-und-botschafter","status":"publish","type":"page","link":"https:\/\/targod.nl\/de\/botschafterinnen-und-botschafter\/","title":{"rendered":"Botschafterinnen und Botschafter"},"content":{"rendered":"\n<p class=\"has-text-align-right\"><a href=\"#quintyroeffen\">Quinty Roeffen<\/a> &#8211; <a href=\"#fleurvandeven\">Fleur van de Ven<\/a> &#8211; <a href=\"#mikeschloesser\">Mike Schloesser<\/a> &#8211; <a href=\"#stevewijler\">Steve Wijler<\/a> &#8211; <a href=\"#jacquelinevanrozendaal\">Jacqueline van Rozendaal<\/a><\/p>\n\n<h2 class=\"wp-block-heading\" id=\"quintyroeffen\">Quinty Roeffen<\/h2>\n\n<div class=\"wp-block-media-text alignwide is-stacked-on-mobile\"><figure class=\"wp-block-media-text__media\"><img loading=\"lazy\" decoding=\"async\" width=\"600\" height=\"900\" src=\"https:\/\/targod.nl\/wp-content\/uploads\/2023\/07\/SUP202102190232.jpg\" alt=\"\" class=\"wp-image-400 size-full\" srcset=\"https:\/\/targod.nl\/wp-content\/uploads\/2023\/07\/SUP202102190232.jpg 600w, https:\/\/targod.nl\/wp-content\/uploads\/2023\/07\/SUP202102190232-400x600.jpg 400w, https:\/\/targod.nl\/wp-content\/uploads\/2023\/07\/SUP202102190232-200x300.jpg 200w\" sizes=\"auto, (max-width: 600px) 100vw, 600px\" \/><\/figure><div class=\"wp-block-media-text__content\">\n<ul class=\"wp-block-list\">\n<li>Bogen: Win&amp;Win ATF-X<\/li>\n\n\n\n<li>Visier: Shibuya Ultima<\/li>\n\n\n\n<li>Pfeile: Easton ACE<\/li>\n\n\n\n<li>Stativ: <a href=\"https:\/\/targod.nl\/de\/produkt\/targod-stativ-satz-rsc-254p\/\">Targod Bogenschie\u00dfen Stativ RSC-254P<\/a><\/li>\n\n\n\n<li>Umfang: Zeiss<\/li>\n\n\n\n<li>Stabilisierungskit: &#8211;<\/li>\n<\/ul>\n<\/div><\/div>\n\n<p>Was ein Schwimmnachmittag in einem Ferienort alles bewirken kann. Auf einem angrenzenden Feld neben dem Schwimmbad k\u00f6nnen die Kinder eine Schnupperstunde im Bogenschie\u00dfen nehmen. Quinty, damals acht Jahre alt, nimmt ebenfalls teil, und nachdem sie ihren ersten Pfeil geschossen hat, ist sofort klar&#8230; Sie hat eine neue Liebe gefunden. Einige Wochen sp\u00e4ter f\u00fcllte sie das Anmeldeformular aus, um in ihrem Heimatort Horst beim Handbogenverein anzufangen. Schon bald zeigt sich, dass sie das n\u00f6tige Talent hat, und durch harte Arbeit gelingt es Quinty, mehrere niederl\u00e4ndische Titel zu gewinnen. Im Alter von 16 Jahren gibt ihr das auch die M\u00f6glichkeit, dem TeamNL beizutreten. Derzeit konzentriert sie sich ganz auf das Handbogenschie\u00dfen, weshalb sie seit einiger Zeit im Sportzentrum Papendal wohnt, um ihrem Sport so viel wie m\u00f6glich nachgehen zu k\u00f6nnen. Die Mission ist n\u00e4mlich klar: die Niederlande sollen bei den Olympischen Spielen antreten.<\/p>\n\n<p>M\u00f6chten Sie ihr weiteres Abenteuer verfolgen?  <\/p>\n\n<p>Folgen Sie Quinty auf <a href=\"https:\/\/www.facebook.com\/quinty.roeffen.3\">Facebook<\/a> und <a href=\"https:\/\/www.instagram.com\/quinty.roeffen\/\">Instagram<\/a><\/p>\n\n<h2 class=\"wp-block-heading has-text-align-right\" id=\"fleurvandeven\">Fleur van de Ven<\/h2>\n\n<div class=\"wp-block-media-text alignwide has-media-on-the-right is-stacked-on-mobile\"><div class=\"wp-block-media-text__content\">\n<ul class=\"wp-block-list\">\n<li>Bogen: Win &amp; Win ATF Mittelteil und NS-G Lamellen<\/li>\n\n\n\n<li>Visier: Shibuya Ultima RC Pro<\/li>\n\n\n\n<li>Pfeile: Easton ACE<\/li>\n\n\n\n<li>Stativ: <a href=\"https:\/\/targod.nl\/de\/produkt\/targod-stativ-satz-rsc-254p\/\">Targod <\/a><a href=\"https:\/\/targod.nl\/de\/produkt\/targod-stativ-satz-rsc-254p\/\">Bogenschie\u00dfen Stativ <\/a>RSC-254P<\/li>\n\n\n\n<li>Umfang: Vortex<\/li>\n\n\n\n<li>Stabilisierungskit: &#8211;<\/li>\n<\/ul>\n<\/div><figure class=\"wp-block-media-text__media\"><img loading=\"lazy\" decoding=\"async\" width=\"600\" height=\"900\" src=\"https:\/\/targod.nl\/wp-content\/uploads\/2023\/07\/SUP202102190224.jpg\" alt=\"\" class=\"wp-image-396 size-full\" srcset=\"https:\/\/targod.nl\/wp-content\/uploads\/2023\/07\/SUP202102190224.jpg 600w, https:\/\/targod.nl\/wp-content\/uploads\/2023\/07\/SUP202102190224-400x600.jpg 400w, https:\/\/targod.nl\/wp-content\/uploads\/2023\/07\/SUP202102190224-200x300.jpg 200w\" sizes=\"auto, (max-width: 600px) 100vw, 600px\" \/><\/figure><\/div>\n\n<p>Obwohl sie erst etwas sp\u00e4ter mit dem Handbogenschie\u00dfen begann, konnte sich Fleur van de Ven schon bald einen Namen in dieser olympischen Sportart machen. Der Helmond-Shooter scheint sehr talentiert zu sein und hat sich in kurzer Zeit bereits in die nationale Spitze vorgearbeitet. Anfang 2023 holte sie sich beispielsweise den niederl\u00e4ndischen Indoor-Recurve-Titel bei den Frauen unter 21 Jahren. Es \u00fcberrascht nicht, dass sie sich einen Platz im TeamNL sichern konnte. Nur vier Frauen sind dabei, darunter Quinty. Die beiden kennen sich \u00fcbrigens sehr gut, da sie zusammen im Sportzentrum Papendal wohnen. Seit Jahren sind sie gut befreundet, aber wenn sie ihre Pfeile abschie\u00dfen, ist es hart gegen hart. Auf diese Weise halten sich Fleur und Quinty gegenseitig auf Trab, was vielleicht auch die Fortschritte erkl\u00e4rt, die die beiden Damen im Handbogenschie\u00dfen erzielen. Sie ziehen an einem Strang und erreichen gemeinsam h\u00f6here Ebenen. Wie Quinty hat nat\u00fcrlich auch Fleur nur ein Ziel. Die Olympischen Spiele zu erreichen und eine Medaille zu gewinnen.  <\/p>\n\n<p>M\u00f6chten Sie ihr weiteres Abenteuer verfolgen?<\/p>\n\n<p>Folgen Sie Fleur auf <a href=\"https:\/\/www.facebook.com\/fleur.vandeven.56\">Facebook<\/a> und <a href=\"https:\/\/www.instagram.com\/fleur_vd_ven\/\">Instagram<\/a>   <\/p>\n\n<h2 class=\"wp-block-heading\" id=\"mikeschloesser\">Mike Schloesser<\/h2>\n\n<div class=\"wp-block-media-text alignwide is-stacked-on-mobile\"><figure class=\"wp-block-media-text__media\"><img loading=\"lazy\" decoding=\"async\" width=\"868\" height=\"1200\" src=\"https:\/\/targod.nl\/wp-content\/uploads\/2024\/06\/R3X_3388-X4-868x1200.jpg\" alt=\"\" class=\"wp-image-614 size-full\" srcset=\"https:\/\/targod.nl\/wp-content\/uploads\/2024\/06\/R3X_3388-X4-868x1200.jpg 868w, https:\/\/targod.nl\/wp-content\/uploads\/2024\/06\/R3X_3388-X4-434x600.jpg 434w, https:\/\/targod.nl\/wp-content\/uploads\/2024\/06\/R3X_3388-X4-217x300.jpg 217w, https:\/\/targod.nl\/wp-content\/uploads\/2024\/06\/R3X_3388-X4-768x1062.jpg 768w, https:\/\/targod.nl\/wp-content\/uploads\/2024\/06\/R3X_3388-X4-1111x1536.jpg 1111w, https:\/\/targod.nl\/wp-content\/uploads\/2024\/06\/R3X_3388-X4-600x830.jpg 600w, https:\/\/targod.nl\/wp-content\/uploads\/2024\/06\/R3X_3388-X4.jpg 1354w\" sizes=\"auto, (max-width: 868px) 100vw, 868px\" \/><\/figure><div class=\"wp-block-media-text__content\">\n<ul class=\"wp-block-list\">\n<li>Bogen: Hoyt Stratos 40 SVX<\/li>\n\n\n\n<li>Visier: Axcel XP Pro<\/li>\n\n\n\n<li>Pfeile: Easton X10 325 \/ Easton 2315<\/li>\n\n\n\n<li>Stativ: <a href=\"https:\/\/targod.nl\/de\/produkt\/targod-stativ-satz-rsc-254p\/\">Targod <\/a><a href=\"https:\/\/targod.nl\/de\/produkt\/targod-stativ-satz-rsc-254p\/\">Bogenschie\u00dfen Stativ <\/a>RSC-254P<\/li>\n\n\n\n<li>Umfang: Maven Optics<\/li>\n\n\n\n<li>Stabilisator-Kit: Axcel aero 500<\/li>\n<\/ul>\n<\/div><\/div>\n\n<p class=\"has-small-font-size\">Foto: Dutchtarget\/Dean Alberga<\/p>\n\n<p>Kein olympischer Traum f\u00fcr diesen Mann, denn Mike Schloesser hat schon in der Jugend einen anderen Weg eingeschlagen als unsere Botschafter, die auf dem Recurve antreten. Und das hat ihm nicht geschadet, denn Schloesser ist ein gro\u00dfer Star im Compound-Wettbewerb. Der 30-J\u00e4hrige aus Limburg ist dreifacher Weltmeister und die aktuelle Nummer 1 der Weltrangliste. Diese Position h\u00e4lt er seit mehr als drei Jahren, ein Rekord in dieser Sparte des Bogenschie\u00dfens. W\u00e4hrend in den Niederlanden seinen Kollegen im Recurve aufgrund seines olympischen Status viel Aufmerksamkeit geschenkt wird, ist Compound in den Vereinigten Staaten sehr beliebt. Wenn Sie Schloesser also nach seinem stolzesten Moment fragen, wird er seinen ersten Sieg bei The Vegas Shoot erw\u00e4hnen. Im Alter von 20 Jahren schafft er es als ehrgeiziger junger Mann, diesen prestigetr\u00e4chtigen Wettbewerb zu gewinnen. Es ist ein Wendepunkt in seiner Karriere, mit noch gr\u00f6\u00dferer Wirkung als sein erster Weltmeistertitel. Da der Compound-Bogen seinem Besitzer etwas weniger k\u00f6rperliche Arbeit abverlangt, hofft der erfolgreiche Limburger, noch lange Zeit an der Spitze dieses Sports zu stehen. Alle notwendigen Zutaten Herr. Perfekt (wie er innerhalb des Handbogenschie\u00dfens genannt wird) in seinen H\u00e4nden, um eine gl\u00e4nzende Zukunft zu haben, aber Schloesser ist sich auch des hohen Preises bewusst, den er daf\u00fcr zahlen muss. Professionelles Handbogenschie\u00dfen bedeutet, viel von zu Hause weg zu sein und keinen Moment Ruhe zu haben. F\u00fcr ihn und seine Frau Gaby (Recurve-Handbogensch\u00fctzin, Olympia-Silbergewinnerin) liegt der Schl\u00fcssel zum Erfolg daher darin, sich den Spa\u00df am Sport zu erhalten. Gemeinsame \u00dcbungen im Garten sind eine gro\u00dfe Hilfe. <\/p>\n\n<p>M\u00f6chten Sie sein weiteres Abenteuer verfolgen?<\/p>\n\n<p>Folgen Sie Mike auf <a href=\"https:\/\/www.facebook.com\/MikeTheFlyingDutchman\">Facebook<\/a> und <a href=\"https:\/\/www.instagram.com\/mikeschloesser\/\">Instagram<\/a>   <\/p>\n\n<h2 class=\"wp-block-heading has-text-align-right\" id=\"stevewijler\">Steve Wijler<\/h2>\n\n<div class=\"wp-block-media-text alignwide has-media-on-the-right is-stacked-on-mobile\"><div class=\"wp-block-media-text__content\">\n<ul class=\"wp-block-list\">\n<li>Bogen: Hoyt Formula XD<\/li>\n\n\n\n<li>Visier: Axcel XP<\/li>\n\n\n\n<li>Pfeile: Easton X10 <\/li>\n\n\n\n<li>Stativ: <a href=\"https:\/\/targod.nl\/de\/produkt\/targod-stativ-satz-rsc-254p\/\">Targod <\/a><a href=\"https:\/\/targod.nl\/de\/produkt\/targod-stativ-satz-rsc-254p\/\">Bogenschie\u00dfen Stativ <\/a>RSC-254P<\/li>\n\n\n\n<li>Zielfernrohr: Bushnell Engage Zielfernrohr<\/li>\n\n\n\n<li>Stabilisator-Kit: Ramrodis Ultra V4<\/li>\n<\/ul>\n<\/div><figure class=\"wp-block-media-text__media\"><img loading=\"lazy\" decoding=\"async\" width=\"600\" height=\"900\" src=\"https:\/\/targod.nl\/wp-content\/uploads\/2024\/07\/SteveWijlerSTAAND-1.jpg\" alt=\"\" class=\"wp-image-670 size-full\" srcset=\"https:\/\/targod.nl\/wp-content\/uploads\/2024\/07\/SteveWijlerSTAAND-1.jpg 600w, https:\/\/targod.nl\/wp-content\/uploads\/2024\/07\/SteveWijlerSTAAND-1-400x600.jpg 400w, https:\/\/targod.nl\/wp-content\/uploads\/2024\/07\/SteveWijlerSTAAND-1-200x300.jpg 200w\" sizes=\"auto, (max-width: 600px) 100vw, 600px\" \/><\/figure><\/div>\n\n<p>Durch einen Klassenkameraden wurde Steve Wijler als Teenager in das Handbogenschie\u00dfen eingef\u00fchrt und verliebte sich sofort in diesen Sport. Obwohl er sich als talentiert erwies, strebte er nicht sofort nach den h\u00f6chstm\u00f6glichen Wettbewerben. Vielmehr schoss er lange Zeit seine Wettk\u00e4mpfe bei der Limburger Vereinigung &#8218;Gezellig Samenzijn&#8216;, wo vor allem der Spa\u00df im Vordergrund stand. Steve gewinnt viele Wettk\u00e4mpfe auf der 25-Meter-Distanz, aber zu dieser Zeit kann er sich nicht mit der niederl\u00e4ndischen Spitze im Recurve-Wettbewerb messen. Das \u00e4ndert sich, als er im Alter von 18 Jahren einen neuen Bogen kauft. Der Verk\u00e4ufer stellt ihm die ehrliche Frage, warum er nicht auf 70 Meter schie\u00dft, die Distanz, auf der internationale Wettbewerbe wie die Europameisterschaften, Weltcups und Olympischen Spiele ausgetragen werden. Es ist ein Schl\u00fcsselmoment f\u00fcr Wijler, denn er entscheidet sich f\u00fcr die 70 Meter. Er machte sich schnell einen Namen im niederl\u00e4ndischen Bogenschie\u00dfen und sogar im Ausland. Als Sch\u00fctze f\u00fcr das TeamNL gelingt es ihm, mehrere internationale Auszeichnungen zu gewinnen, darunter sogar eine Silbermedaille bei den Olympischen Spielen 2020 (die wegen der Korona erst 2021 stattfinden). Obwohl sich die Medien beim Bogenschie\u00dfen haupts\u00e4chlich auf die olympischen Erfolge konzentrieren, ist der 27-j\u00e4hrige Limburger besonders stolz auf andere Siege, die kaum Beachtung finden. So wie sein Sieg beim Vegas Shoot 2023, wo er sich zum dritten Mal als der St\u00e4rkste erwies und das Match ohne jegliche Unterst\u00fctzung schoss. Wijler ist jetzt in seinem achten Jahr als Profisportler und hat in dieser Zeit fast jede wichtige Auszeichnung erringen k\u00f6nnen. Doch eine fehlt ihm noch. Eine olympische Medaille in der Einzelwertung. Hoffentlich kann er das im Sommer 2024 \u00e4ndern, wenn er zum zweiten Mal an den Olympischen Spielen teilnehmen wird.              <\/p>\n\n<p>M\u00f6chten Sie sein weiteres Abenteuer verfolgen?<\/p>\n\n<p>Folgen Sie Steve auf <a href=\"https:\/\/www.facebook.com\/profile.php?id=100063522069904\">Facebook<\/a> und <a href=\"https:\/\/www.instagram.com\/steve_wijler\/\">Instagram<\/a>   <\/p>\n\n<h2 class=\"wp-block-heading\" id=\"jacquelinevanrozendaal\">Jacqueline van Rozendaal<\/h2>\n\n<div class=\"wp-block-media-text alignwide has-media-on-the-right is-stacked-on-mobile\"><div class=\"wp-block-media-text__content\">\n<ul class=\"wp-block-list\">\n<li>Stativ: <a href=\"https:\/\/targod.nl\/de\/produkt\/targod-stativ-satz-rsc-254p\/\">Targod Bogenschie\u00dfen Stativ <\/a>RSC-254P<\/li>\n\n\n\n<li>Zielfernrohr: Swarovski ATS 80 HD<\/li>\n<\/ul>\n<\/div><figure class=\"wp-block-media-text__media\"><img loading=\"lazy\" decoding=\"async\" width=\"600\" height=\"900\" src=\"https:\/\/targod.nl\/wp-content\/uploads\/2024\/08\/PRDR6705.jpg\" alt=\"\" class=\"wp-image-688 size-full\" srcset=\"https:\/\/targod.nl\/wp-content\/uploads\/2024\/08\/PRDR6705.jpg 600w, https:\/\/targod.nl\/wp-content\/uploads\/2024\/08\/PRDR6705-400x600.jpg 400w, https:\/\/targod.nl\/wp-content\/uploads\/2024\/08\/PRDR6705-200x300.jpg 200w\" sizes=\"auto, (max-width: 600px) 100vw, 600px\" \/><\/figure><\/div>\n\n<p>Obwohl sie selbst nicht mehr so oft einen Pfeil auf das Wappen schie\u00dft, ist Jacqueline van Rozendaals Leben dennoch ganz dem Handbogenschie\u00dfen gewidmet. Als ehemalige Bogensch\u00fctzin schoss sie unter anderem bei zwei Olympischen Spielen (Seoul &#8217;88 und Barcelona &#8217;92) und ist seit 2017 Teil des Trainerteams, um die jungen niederl\u00e4ndischen Talente an die Spitze zu bringen. Nach den vergangenen Olympischen Spielen 2020 in Tokio (die wegen der Corona-Epidemie 2021 stattfanden) wurde sie sogar Cheftrainerin der Handbogensch\u00fctzen des TeamNL. Durch ihre eigene Erfahrung und ein Studium der Sportpsychologie wei\u00df die 60-j\u00e4hrige Van Rozendaal sehr genau, was es im Spitzensport zu beachten gilt. Mit diesem erworbenen Wissen versucht sie, den talentierten Bogensch\u00fctzen bei ihrem Streben nach den h\u00f6chsten erreichbaren Zielen zu helfen. Das geht nat\u00fcrlich mit emotionalen H\u00f6hen und Tiefen einher, aber es ist gerade der mentale Aspekt des Spitzensports, der ihre derzeitige Rolle als Nationaltrainerin so interessant macht. In diesem Bereich macht es ihr Spa\u00df, ihre Sch\u00fcler zu unterst\u00fctzen und die Entwicklung sowohl der Sportler als auch der jungen Erwachsenen genau zu beobachten. Im Moment scheint diese Entwicklung sehr schnell zu verlaufen, denn die Mitglieder der TeamNL-Auswahl geh\u00f6ren zur Weltspitze. Sie k\u00e4mpfen bei internationalen Turnieren um Preise und so besteht eine sehr reale Chance, dass einer oder mehrere niederl\u00e4ndische Sch\u00fctzen mit dem n\u00f6tigen Erfolg von den Olympischen Spielen in Paris heimkehren.         <\/p>\n\n<p>M\u00f6chten Sie ihre Heldentaten als Nationaltrainerin verfolgen?<\/p>\n\n<p>Dann besuchen Sie die Website von <a href=\"https:\/\/www.handboogsport.nl\/\">Royal HandbowSport Netherlands<\/a>.<\/p>\n","protected":false},"excerpt":{"rendered":"<p>Quinty Roeffen &#8211; Fleur van de Ven &#8211; Mike Schloesser &#8211; Steve Wijler &#8211; Jacqueline van Rozendaal Quinty Roeffen Was ein Schwimmnachmittag in einem Ferienort alles bewirken kann. Auf einem angrenzenden Feld neben dem Schwimmbad k\u00f6nnen die Kinder eine Schnupperstunde im Bogenschie\u00dfen nehmen. Quinty, damals acht Jahre alt, nimmt ebenfalls teil, und nachdem sie ihren [&#8230;]\n","protected":false},"author":1,"featured_media":0,"parent":0,"menu_order":0,"comment_status":"closed","ping_status":"closed","template":"","meta":{"footnotes":""},"class_list":["post-287","page","type-page","status-publish","hentry"],"_links":{"self":[{"href":"https:\/\/targod.nl\/de\/wp-json\/wp\/v2\/pages\/287","targetHints":{"allow":["GET"]}}],"collection":[{"href":"https:\/\/targod.nl\/de\/wp-json\/wp\/v2\/pages"}],"about":[{"href":"https:\/\/targod.nl\/de\/wp-json\/wp\/v2\/types\/page"}],"author":[{"embeddable":true,"href":"https:\/\/targod.nl\/de\/wp-json\/wp\/v2\/users\/1"}],"replies":[{"embeddable":true,"href":"https:\/\/targod.nl\/de\/wp-json\/wp\/v2\/comments?post=287"}],"version-history":[{"count":22,"href":"https:\/\/targod.nl\/de\/wp-json\/wp\/v2\/pages\/287\/revisions"}],"predecessor-version":[{"id":706,"href":"https:\/\/targod.nl\/de\/wp-json\/wp\/v2\/pages\/287\/revisions\/706"}],"wp:attachment":[{"href":"https:\/\/targod.nl\/de\/wp-json\/wp\/v2\/media?parent=287"}],"curies":[{"name":"wp","href":"https:\/\/api.w.org\/{rel}","templated":true}]}}